{"id":1382,"date":"2016-02-24T11:51:22","date_gmt":"2016-02-24T11:51:22","guid":{"rendered":"http:\/\/de4teens.ro\/?page_id=1382"},"modified":"2018-02-01T14:08:22","modified_gmt":"2018-02-01T14:08:22","slug":"dr-teodorina-secara","status":"publish","type":"page","link":"https:\/\/de4teens.ro\/en\/the-team\/dr-teodorina-secara\/","title":{"rendered":"Doctor Teodorina Secar\u0103"},"content":{"rendered":"<\/div><\/div><\/div><!-- close content main div --><\/div><\/div><div id='av-layout-grid-1' class='av-layout-grid-container entry-content-wrapper main_color av-flex-cells  container_wrap sidebar_right'   >\n<div class=\"flex_cell no_margin av_one_fourth   \" style='vertical-align:top; padding:30px 30px 30px 60px ; background-color:#f7f7f7; '><div class='flex_cell_inner' ><p><div class='avia-image-container  av-styling-   avia-align-center '  itemscope=\"itemscope\" itemtype=\"https:\/\/schema.org\/ImageObject\"  ><div class='avia-image-container-inner'><img class='avia_image ' src='https:\/\/de4teens.ro\/wp-content\/uploads\/2016\/02\/DE-Portrete-TeensKids-final-300x300-2-2.jpg' alt='' title='\u00a9 FOTO: Petru Ivu'   itemprop=\"thumbnailUrl\"  \/><\/div><\/div><br \/>\n<div style='height:30px' class='hr hr-invisible '><span class='hr-inner ' ><span class='hr-inner-style'><\/span><\/span><\/div><br \/>\n<section class=\"av_textblock_section\"  itemscope=\"itemscope\" itemtype=\"https:\/\/schema.org\/CreativeWork\" ><div class='avia_textblock '   itemprop=\"text\" ><h3>Dr. TEODORINA SECAR\u0102<\/h3>\n<div  class='hr hr-short hr-left '><span class='hr-inner ' ><span class='hr-inner-style'><\/span><\/span><\/div>\n<ul>\n<li><strong><span class=\"Apple-style-span\">Ortodon\u021bie<\/span><\/strong><\/li>\n<li><strong><span class=\"Apple-style-span\">Ortopedie Dento-Facial\u0103<\/span><\/strong><\/li>\n<\/ul>\n<p>Dr. Teodorina Secar<span class=\"Apple-style-span\">\u0103<\/span> a absolvit cursurile Facult\u0103\u021bii de Medicin\u0103 Dentar\u0103 din cadrul UMF \u201eIuliu Hatieganu\u201d Cluj-Napoca \u0219i s-a specializat \u00een Ortodon\u021bie la UMF \u201eCarol Davila\u201d, Bucure\u0219ti.<\/p>\n<p>Doamna doctor este membru AAO (American Association of Orthodontists), WFO (World Federation of Orthodontists), ANRO, EOS \u0219i DGKFO. \u00cen anul 2010 a urmat\u00a0<b>cursul de certificare \u00een tehnica lingual\u0103 Incognito<\/b>, sub\u00a0\u00eendrumarea dr. Jean Stephane Simon.<\/p>\n<p><b>Dr. Teodorina Secar\u0103 a absolvit programul \u201cThe McLaughlin 2 Year Orthodontic Program\u201d sustinut de c\u0103tre Dr. Richard P. McLaughlin, Dr. Terry McDonald and Dr. G. William Arnett, \u00een\u00a0San Diego, California.<\/b><\/p>\n<p>Dr. Secar\u0103\u00a0este\u00a0licen\u021biat\u0103 \u00een filosofie (Universitatea Babes-Bolyai) \u0219i a urmat\u00a0cursuri academice post-universitare de \u201cComunicare \u0219i Rela\u021bii Publice\u201d la SNSPA Bucure\u0219ti.<\/p>\n<\/div><\/section><\/p>\n<\/div><\/div><div class=\"flex_cell no_margin av_three_fourth   \" style='vertical-align:top; padding:30px 60px 30px 30px ; '><div class='flex_cell_inner' ><section class=\"av_textblock_section\"  itemscope=\"itemscope\" itemtype=\"https:\/\/schema.org\/CreativeWork\" ><div class='avia_textblock '   itemprop=\"text\" ><p><strong>Dr. Teodorina Secar\u0103 a beneficiat de stagii de preg\u0103tire \u00een clinici din Germania, Italia \u0219i SUA\u00a0\u0219i a urmat numeroase cursuri interna\u021bionale de perfec\u021bionare:<\/strong><\/p>\n<ul>\n<li>Al 12-lea Congres al Societ\u0103\u0163ii Europene de Ortodon\u0163ie Lingual\u0103 \u2013 iunie\/iulie 2016, Atena, Grecia,\u00a0participant \u0219i Chairperson<\/li>\n<li>Goal-directed Orthodontic Treatment \u2013 Dr. Robert E. Williams, may 2016, Bucharest, Romania<\/li>\n<li>The International Congress \u201cZilele Stomatologiei B\u0103n\u0103\u0163ene\u201d, mai 2016, Timi\u0219oara,\u00a0Rom\u00e2nia \u2013 prezentare de caz \u201cTrainerul dentar \u2013 solu\u0163ia pentru decondi\u0163ionarea obiceiurilor vicioase.\u201d<\/li>\n<li>Surgical Orthodontic Treatment \u2013 Dr. G. William Arnett, dec. 2015, San Diego, USA<\/li>\n<li>INVISALIGN Certification Course \u2013 dr. Andrea Bazzucchi, 23 oct. 2015, Italia<\/li>\n<\/ul>\n<ul>\n<li>First international WIN users meeting \u2013 London, UK, 2015 March 28th<\/li>\n<li>Incognito MASTER CLASS course \u2013 dr. Roberto Stradi,\u00a025 mai 2014, Italia.<\/li>\n<li>Introductory Course to FACE philosophy of treatment, dr. Domingo Martin,\u00a024\u201325 ianuarie 2014 Spania.<\/li>\n<li>INCOGNITO advanced course \u2013 dr. Esfandiar Modjahedpour,\u00a001 noiembrie 2013,\u00a0Germania.<\/li>\n<li>5th Meeting of the World Society of Lingual Orthodontics,\u00a04\u20136 iulie 2013, Paris, Fran\u0163a.<\/li>\n<li>The borderline case: What would you do? \u2013 dr. Hugo de Clerck, dr. William Proffit, dr. Franz van der Linden, dr. Dirk Wiechmann, dr. Bjorn Zachrisson, dr. Dan Grauer, 12-13 aprilie 2013 Barcelona, Spania.<\/li>\n<li>The Digital Lingual Straight Wire technique \u2013 prof. dr. Didier Fillion, 1-3 martie 2013, Paris, Fran\u0163a.<\/li>\n<li>Chirurgia ortognatic\u0103 \u2013 ocluzie \u015fi mai mult dec\u00e2t at\u00e2t \u2013 prof. dr. Johan Reyneke, 9-10 noiembrie 2011, Africa de Sud.<\/li>\n<li>Curs STB \u2013 tehnica lingual\u0103 \u2013 prof. dr. G. Scuzzo, 26-27 octombrie 2012,\u00a0Italia.<\/li>\n<li>Improving orthodontic care \u2013 prof. dr. John C. Bennett,\u00a05\u20136 october 2012, London, UK.<\/li>\n<li>Wissenschaftliche Jahrestagung (Deutsche Gesellschaft fur Kieferorthopaedie),\u00a026\u201329 septembrie 2012,\u00a0Stuttgart, Germania.<\/li>\n<li>Orthodontic Seminars of California\u00a0(certificate of advanced studies), dr. Larry Brown, 14-17 iunie 2012, California, USA.<\/li>\n<li>Influen\u021ba mio-func\u021bional\u0103 asupra cre\u0219terii faciale \u00een denti\u0163ia primar\u0103, mixt\u0103 \u015fi permanent\u0103,\u00a0dr. Niels Hulsink, 26 mai 2012, Olanda.<\/li>\n<li>Cefalometria \u2013 perfec\u0163iune \u015fi control. Biomecanica simplificat\u0103 pentru anomaliile de cl aII-a. Controlul \u00eenghesuirii, prof. dr. Gerald Samson, 17-18 mai 2012, Bucure\u015fti, Rom\u00e2nia.<\/li>\n<li>Controlul unui singur dinte, al unei arcade \u015fi al \u0163esuturilor moi utiliz\u00e2nd mini implanturi, prof. dr. Kee Joon Lee,\u00a04 aprilie 2012, Coreea.<\/li>\n<li>Al III-lea Congres al Asocia\u0163iei Rom\u00e2ne de Straight-Wire,\u00a0aprilie 2012, Ia\u015fi, Rom\u00e2nia.<\/li>\n<li>Tratamentul ortodontic \u2013 Sistematizare \u015fi eficien\u021b\u0103. Diagnosticul, planificarea \u015fi mecanica tratamentului ortodontic, prof. dr. Richard McLaughlin, 21-22 noiembrie 2011, Bucure\u015fti, Rom\u00e2nia.<\/li>\n<li>Abordarea contemporan\u0103 a Ortopediei Dentofaciale. Cum \u015fi c\u00e2nd trat\u0103m anomaliile scheletale \u015fi dentare, prof. dr. Tiziano Bacceti, University of Florence,\u00a07-8 Octombrie 2011.<\/li>\n<li>Filozofia tehnicii MBT. Diagnostic, scopuri \u015fi rezultate, prof. dr. Hugo Jose Trevisi, University of Sao Paolo,\u00a025-26 Septembrie 2011.<\/li>\n<li>A IV-a \u00eent\u00e2lnire Interna\u021bional\u0103 a Ortodon\u0163iei Francofone, septembrie 2011, Bucure\u015fti, Rom\u00e2nia.<\/li>\n<li>Tehnici moderne de abordare a tratamentului ortodontic interdisciplinar, prof. dr. Andre J Horn, 8 Septembrie 2011, Fran\u0163a.<\/li>\n<li>Al XVII-lea Curs Interna\u0163ional de Ortodon\u0163ie fix\u0103, dr. Andre Horn, Isabelle Jegou,\u00a08-10 Octombrie 2010.<\/li>\n<li>Curs de certificare Incognito, dr. Jean Stephane Simon, septembrie 2010, Paris, Fran\u0163a.<\/li>\n<li>Al XV-lea Curs Interna\u0163ional de Tehnica Edgewise \u2013 modul mediu, avansa\u0163i, dr. Andre Horn, 26-28 Martie 2010.<\/li>\n<li>Stagiu de preg\u0103tire clinic\u0103 de Ortodon\u0163ie dr. Andreas Schumann &amp; dr. Bergild Mohr,\u00a06 Iunie\u201315 Iulie 2009, Essen, Germania.<\/li>\n<li>Contemporary adult Orthodontic treatment, dr. William Proffit, dr. David Sarver, dr. Bjorn Zachrisson, dr. Dirk Wiechmann,\u00a021-23 Martie 2009,\u00a0Barcelona, Spain.<\/li>\n<li>Typodont Ciurea Straight arch technique \u2013\u00a0Angle Cl. II 4 PM extraction case, dr. Wolfgang Gruener,\u00a03-6 Decembrie 2008,\u00a0Germania.<\/li>\n<li>Hands-on Orthodontic Mechanics: old And new, for Children And adults, with a postural approach, prof. dr. Marcel Korn,\u00a07-8 Noiembrie 2008.<\/li>\n<li>Curs tehnica Speed, prof. dr. F. K. Byloff, octombrie, 2008, Elve\u0163ia.<\/li>\n<li>GC Arta z\u00e2mbetului \u2013 estetic\u0103 \u015fi endodon\u0163ie, dr. Simone Grandini,\u00a06-7 Iunie 2008.<\/li>\n<li>Al XIII-lea Congres Na\u021bional de Ortodon\u0163ie, 15-17 mai 2008, Bucure\u015fti, Rom\u00e2nia.<\/li>\n<li>Curs Endodon\u0163ia non-chirurgical\u0103 \u015fi chirurgical\u0103, prof. dr. Arnaldo Castelluci,\u00a022 Martie 2008.<\/li>\n<li>Curs de baz\u0103 \u2013 tehnica Straight-Wire, curs practic pe electrodont, dr. Horvath Janos,\u00a028 Feb-1 martie 2008, Budapest, Hungary.<\/li>\n<li>Curs de baz\u0103 \u2013 tehnica Edgewise, prof. dr. Horn, prof. dr. \u0162ovaru, 30 noiembrie-2 decembrie 2007, Fran\u0163a.<\/li>\n<\/ul>\n<\/div><\/section>\n<\/div><\/div><\/div>\n","protected":false},"excerpt":{"rendered":"","protected":false},"author":2,"featured_media":0,"parent":1352,"menu_order":0,"comment_status":"closed","ping_status":"closed","template":"","meta":[],"yoast_head":"<!-- This site is optimized with the Yoast SEO plugin v16.2 - https:\/\/yoast.com\/wordpress\/plugins\/seo\/ -->\n<title>Doctor Teodorina Secar\u0103 - DE 4 TEENS<\/title>\n<meta name=\"robots\" content=\"index, follow, max-snippet:-1, max-image-preview:large, max-video-preview:-1\" \/>\n<link rel=\"canonical\" href=\"https:\/\/de4teens.ro\/en\/the-team\/dr-teodorina-secara\/\" \/>\n<meta property=\"og:locale\" content=\"en_US\" \/>\n<meta property=\"og:type\" content=\"article\" \/>\n<meta property=\"og:title\" content=\"Doctor Teodorina Secar\u0103 - DE 4 TEENS\" \/>\n<meta property=\"og:url\" content=\"https:\/\/de4teens.ro\/en\/the-team\/dr-teodorina-secara\/\" \/>\n<meta property=\"og:site_name\" content=\"DE 4 TEENS\" \/>\n<meta property=\"article:modified_time\" content=\"2018-02-01T14:08:22+00:00\" \/>\n<meta name=\"twitter:card\" content=\"summary\" \/>\n<meta name=\"twitter:label1\" content=\"Est. reading time\">\n\t<meta name=\"twitter:data1\" content=\"5 minutes\">\n<script type=\"application\/ld+json\" class=\"yoast-schema-graph\">{\"@context\":\"https:\/\/schema.org\",\"@graph\":[{\"@type\":\"WebSite\",\"@id\":\"https:\/\/de4teens.ro\/#website\",\"url\":\"https:\/\/de4teens.ro\/\",\"name\":\"DE 4 TEENS\",\"description\":\"DENT ESTET 4 TEENS\",\"potentialAction\":[{\"@type\":\"SearchAction\",\"target\":\"https:\/\/de4teens.ro\/?s={search_term_string}\",\"query-input\":\"required name=search_term_string\"}],\"inLanguage\":\"en-US\"},{\"@type\":\"WebPage\",\"@id\":\"https:\/\/de4teens.ro\/en\/the-team\/dr-teodorina-secara\/#webpage\",\"url\":\"https:\/\/de4teens.ro\/en\/the-team\/dr-teodorina-secara\/\",\"name\":\"Doctor Teodorina Secar\\u0103 - DE 4 TEENS\",\"isPartOf\":{\"@id\":\"https:\/\/de4teens.ro\/#website\"},\"datePublished\":\"2016-02-24T11:51:22+00:00\",\"dateModified\":\"2018-02-01T14:08:22+00:00\",\"breadcrumb\":{\"@id\":\"https:\/\/de4teens.ro\/en\/the-team\/dr-teodorina-secara\/#breadcrumb\"},\"inLanguage\":\"en-US\",\"potentialAction\":[{\"@type\":\"ReadAction\",\"target\":[\"https:\/\/de4teens.ro\/en\/the-team\/dr-teodorina-secara\/\"]}]},{\"@type\":\"BreadcrumbList\",\"@id\":\"https:\/\/de4teens.ro\/en\/the-team\/dr-teodorina-secara\/#breadcrumb\",\"itemListElement\":[{\"@type\":\"ListItem\",\"position\":1,\"item\":{\"@type\":\"WebPage\",\"@id\":\"https:\/\/de4teens.ro\/en\/home\/\",\"url\":\"https:\/\/de4teens.ro\/en\/home\/\",\"name\":\"Home\"}},{\"@type\":\"ListItem\",\"position\":2,\"item\":{\"@type\":\"WebPage\",\"@id\":\"https:\/\/de4teens.ro\/en\/the-team\/\",\"url\":\"https:\/\/de4teens.ro\/en\/the-team\/\",\"name\":\"THE TEAM\"}},{\"@type\":\"ListItem\",\"position\":3,\"item\":{\"@id\":\"https:\/\/de4teens.ro\/en\/the-team\/dr-teodorina-secara\/#webpage\"}}]}]}<\/script>\n<!-- \/ Yoast SEO plugin. -->","_links":{"self":[{"href":"https:\/\/de4teens.ro\/en\/wp-json\/wp\/v2\/pages\/1382"}],"collection":[{"href":"https:\/\/de4teens.ro\/en\/wp-json\/wp\/v2\/pages"}],"about":[{"href":"https:\/\/de4teens.ro\/en\/wp-json\/wp\/v2\/types\/page"}],"author":[{"embeddable":true,"href":"https:\/\/de4teens.ro\/en\/wp-json\/wp\/v2\/users\/2"}],"replies":[{"embeddable":true,"href":"https:\/\/de4teens.ro\/en\/wp-json\/wp\/v2\/comments?post=1382"}],"version-history":[{"count":24,"href":"https:\/\/de4teens.ro\/en\/wp-json\/wp\/v2\/pages\/1382\/revisions"}],"predecessor-version":[{"id":8326,"href":"https:\/\/de4teens.ro\/en\/wp-json\/wp\/v2\/pages\/1382\/revisions\/8326"}],"up":[{"embeddable":true,"href":"https:\/\/de4teens.ro\/en\/wp-json\/wp\/v2\/pages\/1352"}],"wp:attachment":[{"href":"https:\/\/de4teens.ro\/en\/wp-json\/wp\/v2\/media?parent=1382"}],"curies":[{"name":"wp","href":"https:\/\/api.w.org\/{rel}","templated":true}]}}