{"id":4203,"date":"2016-04-23T14:03:19","date_gmt":"2016-04-23T14:03:19","guid":{"rendered":"http:\/\/de4teens.ro\/?page_id=4203"},"modified":"2016-05-25T16:17:01","modified_gmt":"2016-05-25T16:17:01","slug":"media","status":"publish","type":"page","link":"https:\/\/de4teens.ro\/en\/media\/","title":{"rendered":"Media"},"content":{"rendered":"<div id='layer_slider_1' class='avia-layerslider main_color avia-shadow  container_wrap sidebar_right'    style='height: 61px;' ><\/div>\n<\/div><\/div><\/div><!-- close content main div --><\/div><\/div><div id='av-layout-grid-1' class='av-layout-grid-container entry-content-wrapper main_color av-flex-cells  container_wrap sidebar_right'   >\n<div class=\"flex_cell no_margin av_one_full   \" style='vertical-align:top; padding:0px 15px 30px 15px ; background-color:#ebebeb; '><div class='flex_cell_inner' ><div id='av-masonry-1' class='av-masonry noHover av-fixed-size av-large-gap av-hover-overlay- av-masonry-col-flexible av-caption-always av-caption-style- '  ><div class='av-masonry-sort main_color av-sort-yes-tax' data-masonry-id='1' ><div class='av-current-sort-title'><span class=\"inner_sort_button\"><span>All<\/span><small class=\"avia-term-count\"> 13 <\/small><\/span><\/div><div class='av-sort-by-term  ' data-av-allowed-sort='[\"clinics-video_sort\",\"press-appearance_sort\",\"tv-appearance_sort\"]' ><a href=\"#\" data-filter=\"all_sort\" class=\"all_sort_button active_sort\"><span class=\"inner_sort_button\"><span>All<\/span><small class=\"avia-term-count\"> 13 <\/small><\/span><\/a><span class='text-sep clinics-video_sort_sep avia_show_sort'>\/<\/span><a href=\"#\" data-filter=\"clinics-video_sort\" class=\"clinics-video_sort_button avia_show_sort\" ><span class=\"inner_sort_button\"><span>CLINICS VIDEO<\/span><small class='avia-term-count'> 1 <\/small><\/span><\/a><span class='text-sep press-appearance_sort_sep avia_show_sort'>\/<\/span><a href=\"#\" data-filter=\"press-appearance_sort\" class=\"press-appearance_sort_button avia_show_sort\" ><span class=\"inner_sort_button\"><span>PRESS APPEARANCE<\/span><small class='avia-term-count'> 6 <\/small><\/span><\/a><span class='text-sep tv-appearance_sort_sep avia_show_sort'>\/<\/span><a href=\"#\" data-filter=\"tv-appearance_sort\" class=\"tv-appearance_sort_button avia_show_sort\" ><span class=\"inner_sort_button\"><span>TV APPEARANCE<\/span><small class='avia-term-count'> 6 <\/small><\/span><\/a><\/div><\/div><div class='av-masonry-container isotope av-js-disabled ' ><div class='av-masonry-entry isotope-item av-masonry-item-no-image all_sort clinics-video_sort  tv-appearance_sort  press-appearance_sort '><\/div><a href=\"https:\/\/de4teens.ro\/en\/portfolio-item\/dent-estet-ortho-center-ortodontie-pe-grupe-de-varsta\/\" id='av-masonry-1-item-4329' data-av-masonry-item='4329' class='av-masonry-entry isotope-item post-4329 portfolio type-portfolio status-publish has-post-thumbnail hentry portfolio_entries-clinics-video all_sort clinics-video_sort  av-masonry-item-with-image av-grid-img' title=\"DENT ESTET Ortho Center &#8211; ortodontie pe grupe de varsta\"  itemscope=\"itemscope\" itemtype=\"https:\/\/schema.org\/CreativeWork\" ><div class='av-inner-masonry-sizer'><\/div><figure class='av-inner-masonry main_color'><div class=\"av-masonry-outerimage-container\"><div class=\"av-masonry-image-container\" style=\"background-image: url(https:\/\/de4teens.ro\/wp-content\/uploads\/2016\/04\/featured_media3.jpg);\"><img src=\"https:\/\/de4teens.ro\/wp-content\/uploads\/2016\/04\/featured_media3.jpg\" title=\"featured_media3\" alt=\"\" \/><\/div><\/div><figcaption class='av-inner-masonry-content site-background'><div class='av-inner-masonry-content-pos'><div class='av-inner-masonry-content-pos-content'><div class='avia-arrow'><\/div><h3 class='av-masonry-entry-title entry-title'  itemprop=\"headline\" >DENT ESTET Ortho Center &#8211; ortodontie pe grupe de varsta<\/h3><\/div><\/div><\/figcaption><\/figure><\/a><!--end av-masonry entry--><a href=\"https:\/\/de4teens.ro\/en\/portfolio-item\/aparitie-tvr-2-tratamentele-ortodontice\/\" id='av-masonry-1-item-4326' data-av-masonry-item='4326' class='av-masonry-entry isotope-item post-4326 portfolio type-portfolio status-publish has-post-thumbnail hentry portfolio_entries-tv-appearance all_sort tv-appearance_sort  av-masonry-item-with-image av-grid-img' title=\"Apari\u0163ie TVR 2: Tratamentele ortodontice\"  itemscope=\"itemscope\" itemtype=\"https:\/\/schema.org\/CreativeWork\" ><div class='av-inner-masonry-sizer'><\/div><figure class='av-inner-masonry main_color'><div class=\"av-masonry-outerimage-container\"><div class=\"av-masonry-image-container\" style=\"background-image: url(https:\/\/de4teens.ro\/wp-content\/uploads\/2016\/04\/featured_media2.jpg);\"><img src=\"https:\/\/de4teens.ro\/wp-content\/uploads\/2016\/04\/featured_media2.jpg\" title=\"featured_media2\" alt=\"\" \/><\/div><\/div><figcaption class='av-inner-masonry-content site-background'><div class='av-inner-masonry-content-pos'><div class='av-inner-masonry-content-pos-content'><div class='avia-arrow'><\/div><h3 class='av-masonry-entry-title entry-title'  itemprop=\"headline\" >Apari\u0163ie TVR 2: Tratamentele ortodontice<\/h3><\/div><\/div><\/figcaption><\/figure><\/a><!--end av-masonry entry--><a href=\"https:\/\/de4teens.ro\/en\/portfolio-item\/aparitie-b1-tv-dr-teodorina-secara\/\" id='av-masonry-1-item-4322' data-av-masonry-item='4322' class='av-masonry-entry isotope-item post-4322 portfolio type-portfolio status-publish has-post-thumbnail hentry portfolio_entries-tv-appearance all_sort tv-appearance_sort  av-masonry-item-with-image av-grid-img' title=\"Apari\u021bie B1 TV: Dr. Teodorina Secara\"  itemscope=\"itemscope\" itemtype=\"https:\/\/schema.org\/CreativeWork\" ><div class='av-inner-masonry-sizer'><\/div><figure class='av-inner-masonry main_color'><div class=\"av-masonry-outerimage-container\"><div class=\"av-masonry-image-container\" style=\"background-image: url(https:\/\/de4teens.ro\/wp-content\/uploads\/2016\/04\/featured_media1.jpg);\"><img src=\"https:\/\/de4teens.ro\/wp-content\/uploads\/2016\/04\/featured_media1.jpg\" title=\"featured_media1\" alt=\"\" \/><\/div><\/div><figcaption class='av-inner-masonry-content site-background'><div class='av-inner-masonry-content-pos'><div class='av-inner-masonry-content-pos-content'><div class='avia-arrow'><\/div><h3 class='av-masonry-entry-title entry-title'  itemprop=\"headline\" >Apari\u021bie B1 TV: Dr. Teodorina Secara<\/h3><\/div><\/div><\/figcaption><\/figure><\/a><!--end av-masonry entry--><a href=\"https:\/\/de4teens.ro\/en\/portfolio-item\/garbo-ro-90-dintre-adolescentii-romani-nu-merg-la-stomatolog\/\" id='av-masonry-1-item-4318' data-av-masonry-item='4318' class='av-masonry-entry isotope-item post-4318 portfolio type-portfolio status-publish has-post-thumbnail hentry portfolio_entries-press-appearance all_sort press-appearance_sort  av-masonry-item-with-image av-grid-img' title=\"garbo.ro: 90% dintre adolescentii romani nu merg la stomatolog!\"  itemscope=\"itemscope\" itemtype=\"https:\/\/schema.org\/CreativeWork\" ><div class='av-inner-masonry-sizer'><\/div><figure class='av-inner-masonry main_color'><div class=\"av-masonry-outerimage-container\"><div class=\"av-masonry-image-container\" style=\"background-image: url(https:\/\/de4teens.ro\/wp-content\/uploads\/2016\/04\/featured_garbo.jpg);\"><img src=\"https:\/\/de4teens.ro\/wp-content\/uploads\/2016\/04\/featured_garbo.jpg\" title=\"featured_garbo\" alt=\"\" \/><\/div><\/div><figcaption class='av-inner-masonry-content site-background'><div class='av-inner-masonry-content-pos'><div class='av-inner-masonry-content-pos-content'><div class='avia-arrow'><\/div><h3 class='av-masonry-entry-title entry-title'  itemprop=\"headline\" >garbo.ro: 90% dintre adolescentii romani nu merg la stomatolog!<\/h3><\/div><\/div><\/figcaption><\/figure><\/a><!--end av-masonry entry--><a href=\"https:\/\/de4teens.ro\/en\/portfolio-item\/dent-estet-deschide-prima-clinica-din-europa-dedicata-exclusiv-adolescentilor\/\" id='av-masonry-1-item-4314' data-av-masonry-item='4314' class='av-masonry-entry isotope-item post-4314 portfolio type-portfolio status-publish has-post-thumbnail hentry portfolio_entries-press-appearance all_sort press-appearance_sort  av-masonry-item-with-image av-grid-img' title=\"Dent Estet deschide prima clinic\u0103 din Europa dedicat\u0103 exclusiv adolescen\u0163ilor\"  itemscope=\"itemscope\" itemtype=\"https:\/\/schema.org\/CreativeWork\" ><div class='av-inner-masonry-sizer'><\/div><figure class='av-inner-masonry main_color'><div class=\"av-masonry-outerimage-container\"><div class=\"av-masonry-image-container\" style=\"background-image: url(https:\/\/de4teens.ro\/wp-content\/uploads\/2016\/04\/featured_cariere.jpg);\"><img src=\"https:\/\/de4teens.ro\/wp-content\/uploads\/2016\/04\/featured_cariere.jpg\" title=\"featured_cariere\" alt=\"\" \/><\/div><\/div><figcaption class='av-inner-masonry-content site-background'><div class='av-inner-masonry-content-pos'><div class='av-inner-masonry-content-pos-content'><div class='avia-arrow'><\/div><h3 class='av-masonry-entry-title entry-title'  itemprop=\"headline\" >Dent Estet deschide prima clinic\u0103 din Europa dedicat\u0103 exclusiv adolescen\u0163ilor<\/h3><\/div><\/div><\/figcaption><\/figure><\/a><!--end av-masonry entry--><a href=\"https:\/\/de4teens.ro\/en\/portfolio-item\/manager-ro-dent-estet-deschide-prima-clinica-din-europa-dedicata-exclusiv-adolescentilor\/\" id='av-masonry-1-item-4299' data-av-masonry-item='4299' class='av-masonry-entry isotope-item post-4299 portfolio type-portfolio status-publish has-post-thumbnail hentry portfolio_entries-press-appearance all_sort press-appearance_sort  av-masonry-item-with-image av-grid-img' title=\"manager.ro: DENT ESTET deschide prima clinic\u0103 din Europa dedicat\u0103 exclusiv adolescen\u021bilor\"  itemscope=\"itemscope\" itemtype=\"https:\/\/schema.org\/CreativeWork\" ><div class='av-inner-masonry-sizer'><\/div><figure class='av-inner-masonry main_color'><div class=\"av-masonry-outerimage-container\"><div class=\"av-masonry-image-container\" style=\"background-image: url(https:\/\/de4teens.ro\/wp-content\/uploads\/2016\/04\/featured_manager.jpg);\"><img src=\"https:\/\/de4teens.ro\/wp-content\/uploads\/2016\/04\/featured_manager.jpg\" title=\"featured_manager\" alt=\"\" \/><\/div><\/div><figcaption class='av-inner-masonry-content site-background'><div class='av-inner-masonry-content-pos'><div class='av-inner-masonry-content-pos-content'><div class='avia-arrow'><\/div><h3 class='av-masonry-entry-title entry-title'  itemprop=\"headline\" >manager.ro: DENT ESTET deschide prima clinic\u0103 din Europa dedicat\u0103 exclusiv adolescen\u021bilor<\/h3><\/div><\/div><\/figcaption><\/figure><\/a><!--end av-masonry entry--><a href=\"https:\/\/de4teens.ro\/en\/portfolio-item\/economica-net-s-a-deschis-prima-clinica-stomatologica-pentru-adolescenti\/\" id='av-masonry-1-item-4290' data-av-masonry-item='4290' class='av-masonry-entry isotope-item post-4290 portfolio type-portfolio status-publish has-post-thumbnail hentry portfolio_entries-press-appearance all_sort press-appearance_sort  av-masonry-item-with-image av-grid-img' title=\"economica.net: S-a deschis prima clinic\u0103 stomatologic\u0103 pentru adolescen\u0163i\"  itemscope=\"itemscope\" itemtype=\"https:\/\/schema.org\/CreativeWork\" ><div class='av-inner-masonry-sizer'><\/div><figure class='av-inner-masonry main_color'><div class=\"av-masonry-outerimage-container\"><div class=\"av-masonry-image-container\" style=\"background-image: url(https:\/\/de4teens.ro\/wp-content\/uploads\/2016\/04\/featured_manager.jpg);\"><img src=\"https:\/\/de4teens.ro\/wp-content\/uploads\/2016\/04\/featured_manager.jpg\" title=\"featured_manager\" alt=\"\" \/><\/div><\/div><figcaption class='av-inner-masonry-content site-background'><div class='av-inner-masonry-content-pos'><div class='av-inner-masonry-content-pos-content'><div class='avia-arrow'><\/div><h3 class='av-masonry-entry-title entry-title'  itemprop=\"headline\" >economica.net: S-a deschis prima clinic\u0103 stomatologic\u0103 pentru adolescen\u0163i<\/h3><\/div><\/div><\/figcaption><\/figure><\/a><!--end av-masonry entry--><a href=\"https:\/\/de4teens.ro\/en\/portfolio-item\/b1-ro-dent-estet-deschide-prima-clinica-din-europa-dedicata-exclusiv-adolescentilor-si-lanseaza-campania-your-smile-your-choice\/\" id='av-masonry-1-item-4269' data-av-masonry-item='4269' class='av-masonry-entry isotope-item post-4269 portfolio type-portfolio status-publish has-post-thumbnail hentry portfolio_entries-press-appearance all_sort press-appearance_sort  av-masonry-item-with-image av-grid-img' title=\"B1.ro: DENT ESTET deschide prima clinic\u0103 din Europa dedicat\u0103 exclusiv adolescen\u0163ilor \u015fi lanseaz\u0103 campania \u201eYour smile. Your choice\u201d\"  itemscope=\"itemscope\" itemtype=\"https:\/\/schema.org\/CreativeWork\" ><div class='av-inner-masonry-sizer'><\/div><figure class='av-inner-masonry main_color'><div class=\"av-masonry-outerimage-container\"><div class=\"av-masonry-image-container\" style=\"background-image: url(https:\/\/de4teens.ro\/wp-content\/uploads\/2016\/04\/featured_btv.jpg);\"><img src=\"https:\/\/de4teens.ro\/wp-content\/uploads\/2016\/04\/featured_btv.jpg\" title=\"featured_btv\" alt=\"\" \/><\/div><\/div><figcaption class='av-inner-masonry-content site-background'><div class='av-inner-masonry-content-pos'><div class='av-inner-masonry-content-pos-content'><div class='avia-arrow'><\/div><h3 class='av-masonry-entry-title entry-title'  itemprop=\"headline\" >B1.ro: DENT ESTET deschide prima clinic\u0103 din Europa dedicat\u0103 exclusiv adolescen\u0163ilor \u015fi lanseaz\u0103 campania \u201eYour smile. Your choice\u201d<\/h3><\/div><\/div><\/figcaption><\/figure><\/a><!--end av-masonry entry--><a href=\"https:\/\/de4teens.ro\/en\/portfolio-item\/desprecopii-ro-dent-estet-4-teens-clinica-speciala-stomatologica-dedicata-exclusiv-adolescentilor\/\" id='av-masonry-1-item-4265' data-av-masonry-item='4265' class='av-masonry-entry isotope-item post-4265 portfolio type-portfolio status-publish has-post-thumbnail hentry portfolio_entries-press-appearance all_sort press-appearance_sort  av-masonry-item-with-image av-grid-img' title=\"desprecopii.ro: DENT ESTET 4 Teens, clinic\u0103 special\u0103 stomatologic\u0103, dedicat\u0103 exclusiv adolescen\u021bilor\"  itemscope=\"itemscope\" itemtype=\"https:\/\/schema.org\/CreativeWork\" ><div class='av-inner-masonry-sizer'><\/div><figure class='av-inner-masonry main_color'><div class=\"av-masonry-outerimage-container\"><div class=\"av-masonry-image-container\" style=\"background-image: url(https:\/\/de4teens.ro\/wp-content\/uploads\/2016\/04\/featured_despre_copii.jpg);\"><img src=\"https:\/\/de4teens.ro\/wp-content\/uploads\/2016\/04\/featured_despre_copii.jpg\" title=\"featured_despre_copii\" alt=\"\" \/><\/div><\/div><figcaption class='av-inner-masonry-content site-background'><div class='av-inner-masonry-content-pos'><div class='av-inner-masonry-content-pos-content'><div class='avia-arrow'><\/div><h3 class='av-masonry-entry-title entry-title'  itemprop=\"headline\" >desprecopii.ro: DENT ESTET 4 Teens, clinic\u0103 special\u0103 stomatologic\u0103, dedicat\u0103 exclusiv adolescen\u021bilor<\/h3><\/div><\/div><\/figcaption><\/figure><\/a><!--end av-masonry entry--><a href=\"https:\/\/de4teens.ro\/en\/portfolio-item\/despre-ortodontie-si-aparate-dentare-dr-cristina-mihai\/\" id='av-masonry-1-item-4256' data-av-masonry-item='4256' class='av-masonry-entry isotope-item post-4256 portfolio type-portfolio status-publish has-post-thumbnail hentry portfolio_entries-tv-appearance all_sort tv-appearance_sort  av-masonry-item-with-image av-grid-img' title=\"Despre Ortodon\u021bie \u0219i aparate dentare &#8211; Dr. Cristina Mihai\"  itemscope=\"itemscope\" itemtype=\"https:\/\/schema.org\/CreativeWork\" ><div class='av-inner-masonry-sizer'><\/div><figure class='av-inner-masonry main_color'><div class=\"av-masonry-outerimage-container\"><div class=\"av-masonry-image-container\" style=\"background-image: url(https:\/\/de4teens.ro\/wp-content\/uploads\/2016\/04\/featured_media4.jpg);\"><img src=\"https:\/\/de4teens.ro\/wp-content\/uploads\/2016\/04\/featured_media4.jpg\" title=\"featured_media4\" alt=\"\" \/><\/div><\/div><figcaption class='av-inner-masonry-content site-background'><div class='av-inner-masonry-content-pos'><div class='av-inner-masonry-content-pos-content'><div class='avia-arrow'><\/div><h3 class='av-masonry-entry-title entry-title'  itemprop=\"headline\" >Despre Ortodon\u021bie \u0219i aparate dentare &#8211; Dr. Cristina Mihai<\/h3><\/div><\/div><\/figcaption><\/figure><\/a><!--end av-masonry entry--><a href=\"https:\/\/de4teens.ro\/en\/portfolio-item\/dental-care-parenting-dr-cristina-mihai\/\" id='av-masonry-1-item-4253' data-av-masonry-item='4253' class='av-masonry-entry isotope-item post-4253 portfolio type-portfolio status-publish has-post-thumbnail hentry portfolio_entries-tv-appearance all_sort tv-appearance_sort  av-masonry-item-with-image av-grid-img' title=\"Dental Care Parenting\"  itemscope=\"itemscope\" itemtype=\"https:\/\/schema.org\/CreativeWork\" ><div class='av-inner-masonry-sizer'><\/div><figure class='av-inner-masonry main_color'><div class=\"av-masonry-outerimage-container\"><div class=\"av-masonry-image-container\" style=\"background-image: url(https:\/\/de4teens.ro\/wp-content\/uploads\/2016\/04\/featured_media6.jpg);\"><img src=\"https:\/\/de4teens.ro\/wp-content\/uploads\/2016\/04\/featured_media6.jpg\" title=\"featured_media6\" alt=\"\" \/><\/div><\/div><figcaption class='av-inner-masonry-content site-background'><div class='av-inner-masonry-content-pos'><div class='av-inner-masonry-content-pos-content'><div class='avia-arrow'><\/div><h3 class='av-masonry-entry-title entry-title'  itemprop=\"headline\" >Dental Care Parenting<\/h3><\/div><\/div><\/figcaption><\/figure><\/a><!--end av-masonry entry--><a href=\"https:\/\/de4teens.ro\/en\/portfolio-item\/tratatrea-danturii-la-copiii-fricosi-dr-dana-ivan\/\" id='av-masonry-1-item-4247' data-av-masonry-item='4247' class='av-masonry-entry isotope-item post-4247 portfolio type-portfolio status-publish has-post-thumbnail hentry portfolio_entries-tv-appearance all_sort tv-appearance_sort  av-masonry-item-with-image av-grid-img' title=\"Tratatrea danturii la copiii frico\u0219i\"  itemscope=\"itemscope\" itemtype=\"https:\/\/schema.org\/CreativeWork\" ><div class='av-inner-masonry-sizer'><\/div><figure class='av-inner-masonry main_color'><div class=\"av-masonry-outerimage-container\"><div class=\"av-masonry-image-container\" style=\"background-image: url(https:\/\/de4teens.ro\/wp-content\/uploads\/2016\/04\/featured_media5.jpg);\"><img src=\"https:\/\/de4teens.ro\/wp-content\/uploads\/2016\/04\/featured_media5.jpg\" title=\"featured_media5\" alt=\"\" \/><\/div><\/div><figcaption class='av-inner-masonry-content site-background'><div class='av-inner-masonry-content-pos'><div class='av-inner-masonry-content-pos-content'><div class='avia-arrow'><\/div><h3 class='av-masonry-entry-title entry-title'  itemprop=\"headline\" >Tratatrea danturii la copiii frico\u0219i<\/h3><\/div><\/div><\/figcaption><\/figure><\/a><!--end av-masonry entry--><a href=\"https:\/\/de4teens.ro\/en\/portfolio-item\/tratamentul-interceptiv-dr-teodorina-secara\/\" id='av-masonry-1-item-4227' data-av-masonry-item='4227' class='av-masonry-entry isotope-item post-4227 portfolio type-portfolio status-publish has-post-thumbnail hentry tag-interviu-dr-teodorina-secara tag-interviu-radio portfolio_entries-tv-appearance all_sort tv-appearance_sort  av-masonry-item-with-image av-grid-img' title=\"Tratamentul interceptiv\"  itemscope=\"itemscope\" itemtype=\"https:\/\/schema.org\/CreativeWork\" ><div class='av-inner-masonry-sizer'><\/div><figure class='av-inner-masonry main_color'><div class=\"av-masonry-outerimage-container\"><div class=\"av-masonry-image-container\" style=\"background-image: url(https:\/\/de4teens.ro\/wp-content\/uploads\/2016\/04\/featured_media7.jpg);\"><img src=\"https:\/\/de4teens.ro\/wp-content\/uploads\/2016\/04\/featured_media7.jpg\" title=\"featured_media7\" alt=\"\" \/><\/div><\/div><figcaption class='av-inner-masonry-content site-background'><div class='av-inner-masonry-content-pos'><div class='av-inner-masonry-content-pos-content'><div class='avia-arrow'><\/div><h3 class='av-masonry-entry-title entry-title'  itemprop=\"headline\" >Tratamentul interceptiv<\/h3><\/div><\/div><\/figcaption><\/figure><\/a><!--end av-masonry entry--><\/div><\/div>\n<\/div><\/div><\/div>\n","protected":false},"excerpt":{"rendered":"","protected":false},"author":2,"featured_media":0,"parent":0,"menu_order":0,"comment_status":"closed","ping_status":"closed","template":"","meta":[],"yoast_head":"<!-- This site is optimized with the Yoast SEO plugin v16.2 - https:\/\/yoast.com\/wordpress\/plugins\/seo\/ -->\n<title>Media - DE 4 TEENS<\/title>\n<meta name=\"robots\" content=\"index, follow, max-snippet:-1, max-image-preview:large, max-video-preview:-1\" \/>\n<link rel=\"canonical\" href=\"https:\/\/de4teens.ro\/en\/media\/\" \/>\n<meta property=\"og:locale\" content=\"en_US\" \/>\n<meta property=\"og:type\" content=\"article\" \/>\n<meta property=\"og:title\" content=\"Media - DE 4 TEENS\" \/>\n<meta property=\"og:url\" content=\"https:\/\/de4teens.ro\/en\/media\/\" \/>\n<meta property=\"og:site_name\" content=\"DE 4 TEENS\" \/>\n<meta property=\"article:modified_time\" content=\"2016-05-25T16:17:01+00:00\" \/>\n<meta name=\"twitter:card\" content=\"summary\" \/>\n<meta name=\"twitter:label1\" content=\"Est. reading time\">\n\t<meta name=\"twitter:data1\" content=\"1 minute\">\n<script type=\"application\/ld+json\" class=\"yoast-schema-graph\">{\"@context\":\"https:\/\/schema.org\",\"@graph\":[{\"@type\":\"WebSite\",\"@id\":\"https:\/\/de4teens.ro\/#website\",\"url\":\"https:\/\/de4teens.ro\/\",\"name\":\"DE 4 TEENS\",\"description\":\"DENT ESTET 4 TEENS\",\"potentialAction\":[{\"@type\":\"SearchAction\",\"target\":\"https:\/\/de4teens.ro\/?s={search_term_string}\",\"query-input\":\"required name=search_term_string\"}],\"inLanguage\":\"en-US\"},{\"@type\":\"WebPage\",\"@id\":\"https:\/\/de4teens.ro\/en\/media\/#webpage\",\"url\":\"https:\/\/de4teens.ro\/en\/media\/\",\"name\":\"Media - DE 4 TEENS\",\"isPartOf\":{\"@id\":\"https:\/\/de4teens.ro\/#website\"},\"datePublished\":\"2016-04-23T14:03:19+00:00\",\"dateModified\":\"2016-05-25T16:17:01+00:00\",\"breadcrumb\":{\"@id\":\"https:\/\/de4teens.ro\/en\/media\/#breadcrumb\"},\"inLanguage\":\"en-US\",\"potentialAction\":[{\"@type\":\"ReadAction\",\"target\":[\"https:\/\/de4teens.ro\/en\/media\/\"]}]},{\"@type\":\"BreadcrumbList\",\"@id\":\"https:\/\/de4teens.ro\/en\/media\/#breadcrumb\",\"itemListElement\":[{\"@type\":\"ListItem\",\"position\":1,\"item\":{\"@type\":\"WebPage\",\"@id\":\"https:\/\/de4teens.ro\/en\/home\/\",\"url\":\"https:\/\/de4teens.ro\/en\/home\/\",\"name\":\"Home\"}},{\"@type\":\"ListItem\",\"position\":2,\"item\":{\"@id\":\"https:\/\/de4teens.ro\/en\/media\/#webpage\"}}]}]}<\/script>\n<!-- \/ Yoast SEO plugin. -->","_links":{"self":[{"href":"https:\/\/de4teens.ro\/en\/wp-json\/wp\/v2\/pages\/4203"}],"collection":[{"href":"https:\/\/de4teens.ro\/en\/wp-json\/wp\/v2\/pages"}],"about":[{"href":"https:\/\/de4teens.ro\/en\/wp-json\/wp\/v2\/types\/page"}],"author":[{"embeddable":true,"href":"https:\/\/de4teens.ro\/en\/wp-json\/wp\/v2\/users\/2"}],"replies":[{"embeddable":true,"href":"https:\/\/de4teens.ro\/en\/wp-json\/wp\/v2\/comments?post=4203"}],"version-history":[{"count":34,"href":"https:\/\/de4teens.ro\/en\/wp-json\/wp\/v2\/pages\/4203\/revisions"}],"predecessor-version":[{"id":7306,"href":"https:\/\/de4teens.ro\/en\/wp-json\/wp\/v2\/pages\/4203\/revisions\/7306"}],"wp:attachment":[{"href":"https:\/\/de4teens.ro\/en\/wp-json\/wp\/v2\/media?parent=4203"}],"curies":[{"name":"wp","href":"https:\/\/api.w.org\/{rel}","templated":true}]}}