{"id":4501,"date":"2016-05-02T18:42:09","date_gmt":"2016-05-02T18:42:09","guid":{"rendered":"http:\/\/de4teens.ro\/?page_id=4501"},"modified":"2021-03-12T11:35:02","modified_gmt":"2021-03-12T11:35:02","slug":"doctor-valentin-sava","status":"publish","type":"page","link":"https:\/\/de4teens.ro\/en\/the-team\/doctor-valentin-sava\/","title":{"rendered":"Doctor Valentin Sava"},"content":{"rendered":"<\/div><\/div><\/div><!-- close content main div --><\/div><\/div><div id='av-layout-grid-1' class='av-layout-grid-container entry-content-wrapper main_color av-flex-cells  container_wrap sidebar_right'   >\n<div class=\"flex_cell no_margin av_one_fourth   \" style='vertical-align:top; padding:30px 30px 30px 60px ; background-color:#f7f7f7; '><div class='flex_cell_inner' ><p><div class='avia-image-container  av-styling-   avia-align-center '  itemscope=\"itemscope\" itemtype=\"https:\/\/schema.org\/ImageObject\"  ><div class='avia-image-container-inner'><img class='avia_image ' src='https:\/\/de4teens.ro\/wp-content\/uploads\/2016\/02\/DE-Portrete-TeensKids-final-300x300-39.jpg' alt='' title='\u00a9 FOTO: Petru Ivu'   itemprop=\"thumbnailUrl\"  \/><\/div><\/div><br \/>\n<div style='height:30px' class='hr hr-invisible '><span class='hr-inner ' ><span class='hr-inner-style'><\/span><\/span><\/div><br \/>\n<section class=\"av_textblock_section\"  itemscope=\"itemscope\" itemtype=\"https:\/\/schema.org\/CreativeWork\" ><div class='avia_textblock '   itemprop=\"text\" ><h4>Dr.\u00a0VALENTIN SAVA<\/h4>\n<div  class='hr hr-short hr-left '><span class='hr-inner ' ><span class='hr-inner-style'><\/span><\/span><\/div>\n<ul>\n<li><strong>Stomatologie Pediatric\u0103<\/strong><\/li>\n<li><strong>Competen\u0163\u0103 Implantologie<\/strong><\/li>\n<\/ul>\n<p>Dr. Valentin Sava este absolvent al Facult\u0103\u0163ii de Medicin\u0103 Dentar\u0103 din cadrul Universit\u0103\u0163ii \u201eTitu Maiorescu\u201d Bucure\u015fti, iar din anul 2012 de\u0163ine \u015fi diploma de Competen\u0163\u0103 \u00een Implantologie.<\/p>\n<\/div><\/section><\/p>\n<\/div><\/div><div class=\"flex_cell no_margin av_three_fourth   \" style='vertical-align:top; padding:30px 60px 30px 30px ; '><div class='flex_cell_inner' ><section class=\"av_textblock_section\"  itemscope=\"itemscope\" itemtype=\"https:\/\/schema.org\/CreativeWork\" ><div class='avia_textblock '   itemprop=\"text\" ><h3>Education<\/h3>\n<ul>\n<li>Inhalation Competence sedimentation by inhalation mixture with nitrous oxide and oxygen in Dentistry<\/li>\n<li><strong>January &#8211; July 2018<\/strong> &#8211; Certificate of complementary studies in Pedodontics, \u201cCarol Davila\u201d University<\/li>\n<li><strong>January &#8211; September 2010<\/strong> &#8211; \u201cImplantology competence\u201d<\/li>\n<li><strong>2003 &#8211; 2009<\/strong> &#8211; Faculty of Dental Medicine, \u201cTitu Maiorescu\u201d University<\/li>\n<\/ul>\n<h3>Professional associations<\/h3>\n<ul>\n<li><strong>CMDR<\/strong> &#8211; Romanian College of Dental Practitioners<\/li>\n<li><strong>EAPD<\/strong> &#8211; European Academy of Paediatric Dentistry<\/li>\n<li><strong>ANSPR<\/strong> &#8211; National Association of Pediatric Dentistry in Romania<\/li>\n<li><strong>IAPD<\/strong> &#8211; International Academy of Paediatric Dentistry<\/li>\n<li><em>Special Smiles<\/em> volunteer within the Special Olympics National Games, May 2018, T\u00e2rgovi\u0219te<\/li>\n<\/ul>\n<h3>Trainer<\/h3>\n<ul>\n<li><strong>GC Romania Dental<\/strong><\/li>\n<li><strong>Office Managers (ADOM)<\/strong><\/li>\n<\/ul>\n<h3><span lang=\"en\">Dr. Sava constantly participates in specialized courses:<\/span><\/h3>\n<ul>\n<li><em>15th Congress of the European Academy of Pediatric Dentistry<\/em>, Online course, July 2020, Hamburg<\/li>\n<li><em>Hiohi-s Pediatric Dentistry Congress<\/em>, 2019, Moscow<\/li>\n<li><em>Russian-European Congress of Pediatric Dentistry<\/em>, 2019, Moscow DPRK<\/li>\n<li><em>Myofunctional Training Course<\/em>, Bucharest, 2018<\/li>\n<li><em>IAPD Regional Meeting &amp; 25th Congress and Turkish Society of Paediatric Dentistry<\/em>, October 12-14 2018, Istanbul<\/li>\n<li><em>14th EAPD Congress<\/em>, June 20-23, 2018, Lugano, Switzerland &#8211; \u201cChildren deserve vital teeth\u201d<\/li>\n<li><em> IAPD Global Summit on Early Childhood Caries<\/em>, Bangkok, Thailand, 2018<\/li>\n<li><em>GC Composite Training &#8211; G-Aenial Leuven<\/em>, 14 &#8211; 15 June 2018, Belgium<\/li>\n<li><em>GC Composite Training &#8211; Essentia Leuven<\/em>, 14 &#8211; 15 June 2017, Belgium<\/li>\n<li>\u201c<em>Discover the truth about Composite<\/em>\u201d, given by Dr. Javier Tapia Guadix and Dr. Stephane Browet, November 2016, Bucharest<\/li>\n<li><em>13th Congress of the European Academy of Pediatric Dentistry<\/em>, Belgrade, Serbia, June 2016<\/li>\n<li><em>Analgesia and dissociative anesthesia. Hypnotic-clinical approaches<\/em>. Organized by the Romanian Institute of Psychology, February 2016, Bucharest<\/li>\n<li><em>Participation in the UNAS Congress<\/em>, November 2015, Bucharest<\/li>\n<li><em>EZ PEDO Certified Provider for Pediatric Zirconia Crowns Diploma<\/em>, June 2015, Bucharest<\/li>\n<li><em>Hands-on Cosmedent<\/em>, course given by Prof. Dr. Bennett Cochran, 2015, Bucharest<\/li>\n<li><em>A training course of the MRC appliance program<\/em>, 2014, Bucharest<\/li>\n<li><em>Current methods of ensuring the quality of treatment<\/em>, course given by prof. Univ. Dr. Alexandru Petre, Focsani, June 2010<\/li>\n<li><em>Aspects of preparations in dental prosthetics<\/em>, course given by prof. Univ. Dr. Norina Forne, Focsani, Octomber 2010<\/li>\n<li><em>Dentistry from A to Z<\/em>, course organized by the Romanian Dental Society, Bucharest, November\u00a02012<\/li>\n<li><em>Current approaches in implant-prosthetic rehabilitation<\/em>, postgraduate course organized by the Romanian Society of Oral Rehabilitation and the Romanian Dental Association for Education, Ia\u015fi, October 2010<\/li>\n<li><em>Current trends in partially extended edentation<\/em>, course taught by prof. Univ. Dr. Norina Forne, Foc\u015fani, October 2010<\/li>\n<\/ul>\n<\/div><\/section>\n<\/div><\/div><\/div>\n","protected":false},"excerpt":{"rendered":"","protected":false},"author":2,"featured_media":0,"parent":1352,"menu_order":0,"comment_status":"closed","ping_status":"closed","template":"","meta":[],"yoast_head":"<!-- This site is optimized with the Yoast SEO plugin v16.2 - https:\/\/yoast.com\/wordpress\/plugins\/seo\/ -->\n<title>Doctor Valentin Sava - DE 4 TEENS<\/title>\n<meta name=\"robots\" content=\"index, follow, max-snippet:-1, max-image-preview:large, max-video-preview:-1\" \/>\n<link rel=\"canonical\" href=\"https:\/\/de4teens.ro\/en\/the-team\/doctor-valentin-sava\/\" \/>\n<meta property=\"og:locale\" content=\"en_US\" \/>\n<meta property=\"og:type\" content=\"article\" \/>\n<meta property=\"og:title\" content=\"Doctor Valentin Sava - DE 4 TEENS\" \/>\n<meta property=\"og:url\" content=\"https:\/\/de4teens.ro\/en\/the-team\/doctor-valentin-sava\/\" \/>\n<meta property=\"og:site_name\" content=\"DE 4 TEENS\" \/>\n<meta property=\"article:modified_time\" content=\"2021-03-12T11:35:02+00:00\" \/>\n<meta name=\"twitter:card\" content=\"summary\" \/>\n<meta name=\"twitter:label1\" content=\"Est. reading time\">\n\t<meta name=\"twitter:data1\" content=\"3 minutes\">\n<script type=\"application\/ld+json\" class=\"yoast-schema-graph\">{\"@context\":\"https:\/\/schema.org\",\"@graph\":[{\"@type\":\"WebSite\",\"@id\":\"https:\/\/de4teens.ro\/#website\",\"url\":\"https:\/\/de4teens.ro\/\",\"name\":\"DE 4 TEENS\",\"description\":\"DENT ESTET 4 TEENS\",\"potentialAction\":[{\"@type\":\"SearchAction\",\"target\":\"https:\/\/de4teens.ro\/?s={search_term_string}\",\"query-input\":\"required name=search_term_string\"}],\"inLanguage\":\"en-US\"},{\"@type\":\"WebPage\",\"@id\":\"https:\/\/de4teens.ro\/en\/the-team\/doctor-valentin-sava\/#webpage\",\"url\":\"https:\/\/de4teens.ro\/en\/the-team\/doctor-valentin-sava\/\",\"name\":\"Doctor Valentin Sava - DE 4 TEENS\",\"isPartOf\":{\"@id\":\"https:\/\/de4teens.ro\/#website\"},\"datePublished\":\"2016-05-02T18:42:09+00:00\",\"dateModified\":\"2021-03-12T11:35:02+00:00\",\"breadcrumb\":{\"@id\":\"https:\/\/de4teens.ro\/en\/the-team\/doctor-valentin-sava\/#breadcrumb\"},\"inLanguage\":\"en-US\",\"potentialAction\":[{\"@type\":\"ReadAction\",\"target\":[\"https:\/\/de4teens.ro\/en\/the-team\/doctor-valentin-sava\/\"]}]},{\"@type\":\"BreadcrumbList\",\"@id\":\"https:\/\/de4teens.ro\/en\/the-team\/doctor-valentin-sava\/#breadcrumb\",\"itemListElement\":[{\"@type\":\"ListItem\",\"position\":1,\"item\":{\"@type\":\"WebPage\",\"@id\":\"https:\/\/de4teens.ro\/en\/home\/\",\"url\":\"https:\/\/de4teens.ro\/en\/home\/\",\"name\":\"Home\"}},{\"@type\":\"ListItem\",\"position\":2,\"item\":{\"@type\":\"WebPage\",\"@id\":\"https:\/\/de4teens.ro\/en\/the-team\/\",\"url\":\"https:\/\/de4teens.ro\/en\/the-team\/\",\"name\":\"THE TEAM\"}},{\"@type\":\"ListItem\",\"position\":3,\"item\":{\"@id\":\"https:\/\/de4teens.ro\/en\/the-team\/doctor-valentin-sava\/#webpage\"}}]}]}<\/script>\n<!-- \/ Yoast SEO plugin. -->","_links":{"self":[{"href":"https:\/\/de4teens.ro\/en\/wp-json\/wp\/v2\/pages\/4501"}],"collection":[{"href":"https:\/\/de4teens.ro\/en\/wp-json\/wp\/v2\/pages"}],"about":[{"href":"https:\/\/de4teens.ro\/en\/wp-json\/wp\/v2\/types\/page"}],"author":[{"embeddable":true,"href":"https:\/\/de4teens.ro\/en\/wp-json\/wp\/v2\/users\/2"}],"replies":[{"embeddable":true,"href":"https:\/\/de4teens.ro\/en\/wp-json\/wp\/v2\/comments?post=4501"}],"version-history":[{"count":9,"href":"https:\/\/de4teens.ro\/en\/wp-json\/wp\/v2\/pages\/4501\/revisions"}],"predecessor-version":[{"id":8861,"href":"https:\/\/de4teens.ro\/en\/wp-json\/wp\/v2\/pages\/4501\/revisions\/8861"}],"up":[{"embeddable":true,"href":"https:\/\/de4teens.ro\/en\/wp-json\/wp\/v2\/pages\/1352"}],"wp:attachment":[{"href":"https:\/\/de4teens.ro\/en\/wp-json\/wp\/v2\/media?parent=4501"}],"curies":[{"name":"wp","href":"https:\/\/api.w.org\/{rel}","templated":true}]}}