{"id":5059,"date":"2016-05-11T15:59:18","date_gmt":"2016-05-11T15:59:18","guid":{"rendered":"http:\/\/de4teens.ro\/?page_id=5059"},"modified":"2018-02-15T11:32:15","modified_gmt":"2018-02-15T11:32:15","slug":"dental-appliances","status":"publish","type":"page","link":"https:\/\/de4teens.ro\/en\/dental-appliances\/","title":{"rendered":"DENTAL APPLIANCES"},"content":{"rendered":"<\/div><\/div><\/div><!-- close content main div --><\/div><\/div><div id='full_slider_1' class='avia-fullwidth-slider main_color avia-shadow  container_wrap sidebar_right'   ><div  data-size='no scaling'  data-lightbox_size='large'  data-animation='slide'  data-ids='6743'  data-video_counter='0'  data-autoplay='false'  data-bg_slider='false'  data-slide_height=''  data-handle='av_slideshow_full'  data-interval='5'  data-class=' image_no_stretch'  data-css_id=''  data-scroll_down=''  data-control_layout='av-control-default'  data-custom_markup=''  data-perma_caption=''  data-autoplay_stopper=''  data-image_attachment=''  data-min_height='0px'  data-src=''  data-position='top left'  data-repeat='no-repeat'  data-attach='scroll'  data-stretch='image_no_stretch'  class='avia-slideshow avia-slideshow-1  av-control-default av-default-height-applied avia-slideshow-no scaling av_slideshow_full  image_no_stretch avia-slide-slider '  itemscope=\"itemscope\" itemtype=\"https:\/\/schema.org\/ImageObject\" ><ul class='avia-slideshow-inner' style='padding-bottom: 36.95652173913%;'><li  class=' av-single-slide slide-1 ' ><div data-rel='slideshow-1' class='avia-slide-wrap'  ><img src='https:\/\/de4teens.ro\/wp-content\/uploads\/2016\/05\/banner_dental_appliances.jpg' width='2300' height='850' title='banner_dental_appliances' alt=''  itemprop=\"thumbnailUrl\"   \/><\/div><\/li><\/ul><\/div><\/div>\n<\/div><\/div><\/div><!-- close content main div --><\/div><\/div><div id='av-layout-grid-1' class='av-layout-grid-container entry-content-wrapper main_color av-fixed-cells  container_wrap sidebar_right'   >\n<div class=\"flex_cell no_margin av_one_full   \" style='vertical-align:top; padding:30px 30px 10px 30px ; '><div class='flex_cell_inner' ><section class=\"av_textblock_section\"  itemscope=\"itemscope\" itemtype=\"https:\/\/schema.org\/CreativeWork\" ><div class='avia_textblock '   itemprop=\"text\" ><h1 style=\"text-align: center;\"><strong><span style=\"color: #339966;\">Why choose DENT ESTET 4 TEENS?<\/span><\/strong><\/h1>\n<\/div><\/section><br \/>\n<div style=' margin-top:10px; margin-bottom:30px;'  class='hr hr-custom hr-center hr-icon-no '><span class='hr-inner   inner-border-av-border-thin' style=' width:100%;' ><span class='hr-inner-style'><\/span><\/span><\/div><br \/>\n<div class=\"flex_column av_one_fourth  no_margin flex_column_div av-zero-column-padding first  \" style='border-radius:0px; '><section class=\"av_textblock_section\"  itemscope=\"itemscope\" itemtype=\"https:\/\/schema.org\/CreativeWork\" ><div class='avia_textblock '   itemprop=\"text\" ><h3 style=\"text-align: center;\"><span style=\"color: #339966;\">MOBILE AND FUNCTIONAL<br \/>\nDENTAL APPLIANCES <\/span><\/h3>\n<\/div><\/section><br \/>\n<div class='avia-image-container  av-styling-  noHover  av-overlay-on-hover  avia-align-center '  itemscope=\"itemscope\" itemtype=\"https:\/\/schema.org\/ImageObject\"  ><div class='avia-image-container-inner'><a href='https:\/\/de4teens.ro\/en\/mobile-and-functional-dental-appliances\/' class='avia_image'   target=\"_blank\" ><div class='av-image-caption-overlay'><div class='av-caption-image-overlay-bg' style='opacity:0.4; background-color:#d65799; '><\/div><div class='av-image-caption-overlay-position'><div class='av-image-caption-overlay-center' style='color:#ffffff; '><p>READ MORE ABOUT MOBILE AND FUNCTIONAL DENTAL APPLIANCES<\/p>\n<\/div><\/div><\/div><img class='avia_image ' src='https:\/\/de4teens.ro\/wp-content\/uploads\/2016\/08\/ap-mobile.jpg' alt='' title='ap-mobile'  itemprop=\"thumbnailUrl\"  \/><\/a><\/div><\/div><\/p><\/div><div class=\"flex_column av_one_fourth  no_margin flex_column_div av-zero-column-padding   \" style='border-radius:0px; '><section class=\"av_textblock_section\"  itemscope=\"itemscope\" itemtype=\"https:\/\/schema.org\/CreativeWork\" ><div class='avia_textblock '   itemprop=\"text\" ><h3 style=\"text-align: center;\"><span style=\"color: #339966;\">FIXED AND ESTHETIC<br \/>\nAPPLIANCES <\/span><\/h3>\n<\/div><\/section><br \/>\n<div class='avia-image-container  av-styling-  noHover  av-overlay-on-hover  avia-align-center '  itemscope=\"itemscope\" itemtype=\"https:\/\/schema.org\/ImageObject\"  ><div class='avia-image-container-inner'><a href='https:\/\/de4teens.ro\/en\/fixed-and-esthetic-appliances\/' class='avia_image'   target=\"_blank\" ><div class='av-image-caption-overlay'><div class='av-caption-image-overlay-bg' style='opacity:0.4; background-color:#d65799; '><\/div><div class='av-image-caption-overlay-position'><div class='av-image-caption-overlay-center' style='color:#ffffff; '><p>READ MORE ABOUT FIXED and ESTHETIC APPLIANCES<\/p>\n<\/div><\/div><\/div><img class='avia_image ' src='https:\/\/de4teens.ro\/wp-content\/uploads\/2016\/08\/ap-fixe.jpg' alt='' title='ap-fixe'  itemprop=\"thumbnailUrl\"  \/><\/a><\/div><\/div><\/p><\/div><div class=\"flex_column av_one_fourth  no_margin flex_column_div av-zero-column-padding   \" style='border-radius:0px; '><section class=\"av_textblock_section\"  itemscope=\"itemscope\" itemtype=\"https:\/\/schema.org\/CreativeWork\" ><div class='avia_textblock '   itemprop=\"text\" ><h3 style=\"text-align: center;\"><span style=\"color: #339966;\">PARENT\u2019S PAGE<br \/>\n<span style=\"color: #ffffff;\">.<\/span><\/span><\/h3>\n<\/div><\/section><br \/>\n<div class='avia-image-container  av-styling-  noHover  av-overlay-on-hover  avia-align-center '  itemscope=\"itemscope\" itemtype=\"https:\/\/schema.org\/ImageObject\"  ><div class='avia-image-container-inner'><a href='https:\/\/de4teens.ro\/en\/parents-information\/' class='avia_image'   target=\"_blank\" ><div class='av-image-caption-overlay'><div class='av-caption-image-overlay-bg' style='opacity:0.4; background-color:#d65799; '><\/div><div class='av-image-caption-overlay-position'><div class='av-image-caption-overlay-center' style='color:#ffffff; '><p>READ MORE&#8230;<\/p>\n<\/div><\/div><\/div><img class='avia_image ' src='https:\/\/de4teens.ro\/wp-content\/uploads\/2016\/08\/sfaturi.jpg' alt='' title='sfaturi'  itemprop=\"thumbnailUrl\"  \/><\/a><\/div><\/div><\/p><\/div><div class=\"flex_column av_one_fourth  no_margin flex_column_div av-zero-column-padding   \" style='border-radius:0px; '><section class=\"av_textblock_section\"  itemscope=\"itemscope\" itemtype=\"https:\/\/schema.org\/CreativeWork\" ><div class='avia_textblock '   itemprop=\"text\" ><h3 style=\"text-align: center;\"><span style=\"color: #339966;\">DENT ESTET 4 TEENS TEAM<br \/>\n<span style=\"color: #ffffff;\">.<\/span><\/span><\/h3>\n<\/div><\/section><br \/>\n<div class='avia-image-container  av-styling-  noHover  av-overlay-on-hover  avia-align-center '  itemscope=\"itemscope\" itemtype=\"https:\/\/schema.org\/ImageObject\"  ><div class='avia-image-container-inner'><a href='https:\/\/de4teens.ro\/en\/the-team\/' class='avia_image'   target=\"_blank\" ><div class='av-image-caption-overlay'><div class='av-caption-image-overlay-bg' style='opacity:0.4; background-color:#d65799; '><\/div><div class='av-image-caption-overlay-position'><div class='av-image-caption-overlay-center' style='color:#ffffff; '><p>MEET THE TEAM<\/p>\n<\/div><\/div><\/div><img class='avia_image ' src='https:\/\/de4teens.ro\/wp-content\/uploads\/2017\/02\/echioa_new-1-495x400.png' alt='' title='echioa_new'  itemprop=\"thumbnailUrl\"  \/><\/a><\/div><\/div><\/p><\/div><\/p>\n<\/div><\/div><\/div><\/div><\/div><\/div><!-- close content main div --><\/div><\/div><div id='av-layout-grid-2' class='av-layout-grid-container entry-content-wrapper main_color av-flex-cells  container_wrap sidebar_right'   >\n<div class=\"flex_cell no_margin av_one_full   \" style='vertical-align:top; padding:30px 30px 20px 30px ; background-color:#f2f2f2; '><div class='flex_cell_inner' ><section class=\"av_textblock_section\"  itemscope=\"itemscope\" itemtype=\"https:\/\/schema.org\/CreativeWork\" ><div class='avia_textblock '   itemprop=\"text\" ><h1 style=\"text-align: center;\"><strong><span style=\"color: #339966;\">Our patient\u2019s success stories with dental braces <\/span><\/strong><\/h1>\n<\/div><\/section>\n<\/div><\/div>\n<\/div><\/p>\n<\/div><\/div><\/div><!-- close content main div --><\/div><\/div><div id='full_slider_2' class='avia-fullwidth-slider main_color avia-shadow  container_wrap sidebar_right'   ><div  data-size='featured'  data-lightbox_size='large'  data-animation='slide'  data-ids='5792,5789,5794,5796'  data-video_counter='0'  data-autoplay='true'  data-bg_slider='false'  data-slide_height=''  data-handle='av_slideshow_full'  data-interval='10'  data-class=' '  data-css_id=''  data-scroll_down=''  data-control_layout='av-control-default'  data-custom_markup=''  data-perma_caption=''  data-autoplay_stopper=''  data-image_attachment=''  data-min_height='0px'  data-src=''  data-position='top left'  data-repeat='no-repeat'  data-attach='scroll'  data-stretch=''  data-default-height='28.666666666667'  class='avia-slideshow avia-slideshow-2  av-control-default av-default-height-applied avia-slideshow-featured av_slideshow_full   avia-slide-slider '  itemscope=\"itemscope\" itemtype=\"https:\/\/schema.org\/ImageObject\" ><ul class='avia-slideshow-inner' style='padding-bottom: 33.59375%;'><li  class=' slide-1 ' ><div data-rel='slideshow-2' class='avia-slide-wrap'  ><div class = \"caption_fullwidth av-slideshow-caption caption_left caption_left_framed caption_framed\"><div class = \"container caption_container\"><div class = \"slideshow_caption\"><div class = \"slideshow_inner_caption\"><div class = \"slideshow_align_caption\"><h2  class='avia-caption-title'  itemprop=\"name\" >LUCIA TANG SOARES<\/h2><div class='avia-caption-content '  itemprop=\"description\"  ><p>Dr. Cristina Mihai is the best orthodontist ever. She is always kind, caring and very fluent in English. On many occasions, she has gone out of her way to help my 13 years old daughter in emergency situations. We are forever grateful for her professional and gracious care.<\/p>\n<\/div><\/div><\/div><\/div><\/div><\/div><img src='https:\/\/de4teens.ro\/wp-content\/uploads\/2016\/05\/foto_teens_slider5-e1464395740991-1280x430.jpg' width='1280' height='430' title='foto_teens_slider5' alt=''  itemprop=\"thumbnailUrl\"   \/><\/div><\/li><li  class=' slide-2 ' ><div data-rel='slideshow-2' class='avia-slide-wrap'  ><div class = \"caption_fullwidth av-slideshow-caption caption_right caption_right_framed caption_framed\"><div class = \"container caption_container\"><div class = \"slideshow_caption\"><div class = \"slideshow_inner_caption\"><div class = \"slideshow_align_caption\"><h2  class='avia-caption-title'  itemprop=\"name\" >CRISTINA CRISS<\/h2><div class='avia-caption-content '  itemprop=\"description\"  ><p>Mii de mul\u021bumiri dnei. Dr. Cristina Mihai! \u00centotdeauna amabil\u0103, atent\u0103, \u00een\u021beleg\u0103toare\u2026 copiii o iubesc!<br \/>\nFelicit\u0103ri pentru profesionalism!<\/p>\n<\/div><\/div><\/div><\/div><\/div><\/div><img src='https:\/\/de4teens.ro\/wp-content\/uploads\/2016\/05\/foto_teens_slider2-1280x430.jpg' width='1280' height='430' title='foto_teens_slider2' alt=''  itemprop=\"thumbnailUrl\"   \/><\/div><\/li><li  class=' slide-3 ' ><div data-rel='slideshow-2' class='avia-slide-wrap'  ><div class = \"caption_fullwidth av-slideshow-caption caption_right caption_right_framed caption_framed\"><div class = \"container caption_container\"><div class = \"slideshow_caption\"><div class = \"slideshow_inner_caption\"><div class = \"slideshow_align_caption\"><h2  class='avia-caption-title'  itemprop=\"name\" >THEO MARTIN<\/h2><div class='avia-caption-content '  itemprop=\"description\"  ><p>O clinic\u0103 deodebit\u0103 cu oameni pe m\u0103sur\u0103!<br \/>\nMii de mul\u0163umiri dnei. doctor Teodorina Secar\u0103 pentru profesionalism \u015fi modul \u00een care comunic\u0103 at\u00e2t cu copii, c\u00e2t \u015fi cu p\u0103rin\u0163ii!<\/p>\n<\/div><\/div><\/div><\/div><\/div><\/div><img src='https:\/\/de4teens.ro\/wp-content\/uploads\/2016\/05\/foto_teens_slider7-e1464395769372-1280x430.jpg' width='1280' height='430' title='foto_teens_slider7' alt=''  itemprop=\"thumbnailUrl\"   \/><\/div><\/li><li  class=' slide-4 ' ><div data-rel='slideshow-2' class='avia-slide-wrap'  ><div class = \"caption_fullwidth av-slideshow-caption caption_left caption_left_framed caption_framed\"><div class = \"container caption_container\"><div class = \"slideshow_caption\"><div class = \"slideshow_inner_caption\"><div class = \"slideshow_align_caption\"><h2  class='avia-caption-title'  itemprop=\"name\" >ANDREI MARIN<\/h2><div class='avia-caption-content '  itemprop=\"description\"  ><p>La DENT ESTET 4 TEENS am \u00eent\u00e2lnit o echip\u0103 minunat\u0103 \u015fi foarte unit\u0103. Dup\u0103 p\u0103rerea mea este cea mai tare clinic\u0103 dentar\u0103 din Rom\u00e2nia. V-o recomand cu pl\u0103cere!<br \/>\nPACIENT DR. TEODORINA SECAR\u0102<\/p>\n<\/div><\/div><\/div><\/div><\/div><\/div><img src='https:\/\/de4teens.ro\/wp-content\/uploads\/2016\/05\/foto_teens_slider9-e1464395703611-1280x430.jpg' width='1280' height='430' title='foto_teens_slider9' alt=''  itemprop=\"thumbnailUrl\"   \/><\/div><\/li><\/ul><div class='avia-slideshow-arrows avia-slideshow-controls'><a href='#prev' class='prev-slide' aria-hidden='true' data-av_icon='\ue87c' data-av_iconfont='entypo-fontello'>Previous<\/a><a href='#next' class='next-slide' aria-hidden='true' data-av_icon='\ue87d' data-av_iconfont='entypo-fontello'>Next<\/a><\/div><div class='avia-slideshow-dots avia-slideshow-controls'><a href='#1' class='goto-slide active' >1<\/a><a href='#2' class='goto-slide ' >2<\/a><a href='#3' class='goto-slide ' >3<\/a><a href='#4' class='goto-slide ' >4<\/a><\/div><\/div><\/div>\n<\/div><\/div><\/div><!-- close content main div --><\/div><\/div><div id='av-layout-grid-3' class='av-layout-grid-container entry-content-wrapper main_color av-flex-cells  container_wrap sidebar_right'   >\n<div class=\"flex_cell no_margin av_one_full   \" style='vertical-align:top; padding:30px; '><div class='flex_cell_inner' ><section class=\"av_textblock_section\"  itemscope=\"itemscope\" itemtype=\"https:\/\/schema.org\/CreativeWork\" ><div class='avia_textblock '   itemprop=\"text\" ><h1 style=\"text-align: center;\"><strong><span style=\"color: #339966;\">How to wear the dental appliances<\/span><\/strong><\/h1>\n<\/div><\/section><br \/>\n<div class=\"tabcontainer  sidebar_tab sidebar_tab_left noborder_tabs \">\n\n<section class=\"av_tab_section\"  itemscope=\"itemscope\" itemtype=\"https:\/\/schema.org\/CreativeWork\" >    <div data-fake-id=\"#tab-id-1\" class=\"tab active_tab\"  itemprop=\"headline\" ><span class='tab_icon' aria-hidden='true' data-av_icon='\uf102' data-av_iconfont='Flaticon'><\/span>FIXED DENTAL APPLIANCES<\/div>\n    <div id=\"tab-id-1-container\" class=\"tab_content active_tab_content\">\n        <div class=\"tab_inner_content invers-color\"  itemprop=\"text\" >\n<ol>\n<li>If you have a fixed appliance, you have to pay great attention to your oral hygiene. Your teeth and gums have to be clean and you will have to use a special brush to clean your brackets.<\/li>\n<li>You will have to stop unhealthy habits which can affect your oral health.<\/li>\n<li>Don\u2019t crack with your teeth hard or sticky foods, and don\u2019t chew on foods with high sugar level (chewing gum, toffee etc.).<\/li>\n<li>Do not bite fruit or boiled corn on cobs. Cut your fruit and pizza in small pieces and remove any hard or crunchy parts.<\/li>\n<\/ol>\n<p><strong>Make an appointment<\/strong> for a professional hygiene session at least once in 3-4 months.<\/p>\n\n        <\/div>\n    <\/div>\n<\/section>\n\n<section class=\"av_tab_section\"  itemscope=\"itemscope\" itemtype=\"https:\/\/schema.org\/CreativeWork\" >    <div data-fake-id=\"#tab-id-2\" class=\"tab \"  itemprop=\"headline\" ><span class='tab_icon' aria-hidden='true' data-av_icon='\uf109' data-av_iconfont='Flaticon'><\/span>MOBILE DENTAL APPLIANCES<\/div>\n    <div id=\"tab-id-2-container\" class=\"tab_content \">\n        <div class=\"tab_inner_content invers-color\"  itemprop=\"text\" >\n<ol>\n<li>Wear the mobile appliance as instructed by your orthodontist.<\/li>\n<li>You might feel a slight hypersalivation (excessive saliva) or difficulties in swallowing during the first 7-10 days of wearing the mobile appliance. These difficulties will disappear in time if the appliance is correctly worn.<\/li>\n<li>You can activate your mobile appliance with a special key that comes with your appliance. Rotate it in the direction shown by the arrow, according to your orthodontist\u2019s instructions.<\/li>\n<\/ol>\n<p><strong>CAUTION:<\/strong> don\u2019t activate the appliance after a rest period, for it will cause pain.<\/p>\n<ol start=\"4\">\n<li>Clean your appliance with water and soap every time you remove it from your mouth. Use a brush with hard bristles and clean the margins and the spaces between fragments and screws thoroughly. Rinse the appliance with warm water. You can also use special effervescent cleansing tablets.<\/li>\n<li>Clean your mouth each time before wearing the appliance. Use additional hygiene methods: dental floss and mouthwash. We recommend a professional hygiene session at least once in 3-4 months or when needed.<\/li>\n<li><strong>You must come for a check-up<\/strong> if you notice problems such as: not being able to correctly apply\/wear the appliance as the doctor instructed, instability of the appliance in your mouth, damaged appliance, any kind of pain.<\/li>\n<\/ol>\n<p>For a quick recovery of correct pronunciation, we recommend <strong>diction practice<\/strong> (read loud and slow, pronounce the words correctly and repeat the ones that seem to be difficult).<\/p>\n\n        <\/div>\n    <\/div>\n<\/section>\n\n<section class=\"av_tab_section\"  itemscope=\"itemscope\" itemtype=\"https:\/\/schema.org\/CreativeWork\" >    <div data-fake-id=\"#tab-id-3\" class=\"tab \"  itemprop=\"headline\" ><span class='tab_icon' aria-hidden='true' data-av_icon='\uf101' data-av_iconfont='Flaticon'><\/span>USEFUL ADVICE<\/div>\n    <div id=\"tab-id-3-container\" class=\"tab_content \">\n        <div class=\"tab_inner_content invers-color\"  itemprop=\"text\" >\n<p><strong>Guidelines for dental appliances<\/strong><\/p>\n<p>Wearing a dental appliance might have been a spontaneous decision for you, which you are very proud of. But there are many teenagers who meet various difficulties or unpleasant situations while getting used to their new dental accessory.<\/p>\n<p>Our specialists\u2019 advice is to cheer up and tell your orthodontist all your troubles and discontents (pain in the gums or any other discomfort) before taking a bad decision.<\/p>\n<p>We also suggest that, at the beginning of your treatment, you replace hard foods with soft foods, which you can easily eat as soon as the appliance has been installed.<\/p>\n<p>And, like all other accessories, if you want to make sure that it has the wanted effect, you have to go for the regular check-up and be examined by your orthodontist. The dentist will let you know everything\u2019s OK! and will help you prevent any future problems.<\/p>\n<div class=\"avia_textblock \"><\/div>\n\n        <\/div>\n    <\/div>\n<\/section>\n\n<\/div>\n<br \/>\n<div style=' margin-top:0px; margin-bottom:30px;'  class='hr hr-custom hr-center hr-icon-no '><span class='hr-inner   inner-border-av-border-thin' style=' width:100%;' ><span class='hr-inner-style'><\/span><\/span><\/div><br \/>\n<section class=\"av_textblock_section\"  itemscope=\"itemscope\" itemtype=\"https:\/\/schema.org\/CreativeWork\" ><div class='avia_textblock '   itemprop=\"text\" ><h1 style=\"text-align: center;\"><strong><span style=\"color: #339966;\">We are looking forward to meeting you!<\/span><\/strong><\/h1>\n<\/div><\/section><\/p>\n<\/div><\/div>\n<\/div>\n<\/div><\/div><\/div><!-- close content main div --><\/div><\/div><div id='av-layout-grid-4' class='av-layout-grid-container entry-content-wrapper main_color av-flex-cells  container_wrap sidebar_right'   >\n<div class=\"flex_cell no_margin av_one_half   av-zero-padding \" style='vertical-align:top; padding:0px; '><div class='flex_cell_inner' ><div  data-size='no scaling'  data-lightbox_size='large'  data-animation='slide'  data-ids='5856,5855,5854,5853,5852,5851'  data-video_counter='0'  data-autoplay='false'  data-bg_slider='false'  data-slide_height=''  data-handle='av_slideshow'  data-interval='10'  data-class=''  data-css_id=''  data-scroll_down=''  data-control_layout=''  data-custom_markup=''  data-perma_caption=''  data-autoplay_stopper=''  data-image_attachment=''  data-min_height='0px'  class='avia-slideshow avia-slideshow-3  av-default-height-applied avia-slideshow-no scaling av_slideshow  avia-slide-slider '  itemscope=\"itemscope\" itemtype=\"https:\/\/schema.org\/ImageObject\" ><ul class='avia-slideshow-inner' style='padding-bottom: 66.769230769231%;'><li  class=' slide-1 ' ><div data-rel='slideshow-3' class='avia-slide-wrap'  ><img src='https:\/\/de4teens.ro\/wp-content\/uploads\/2016\/02\/foto_interior6.jpg' width='650' height='434' title='foto_interior6' alt=''  itemprop=\"thumbnailUrl\"   \/><\/div><\/li><li  class=' slide-2 ' ><div data-rel='slideshow-3' class='avia-slide-wrap'  ><img src='https:\/\/de4teens.ro\/wp-content\/uploads\/2016\/02\/foto_interior5.jpg' width='650' height='392' title='foto_interior5' alt=''  itemprop=\"thumbnailUrl\"   \/><\/div><\/li><li  class=' slide-3 ' ><div data-rel='slideshow-3' class='avia-slide-wrap'  ><img src='https:\/\/de4teens.ro\/wp-content\/uploads\/2016\/02\/foto_interior4.jpg' width='650' height='433' title='foto_interior4' alt=''  itemprop=\"thumbnailUrl\"   \/><\/div><\/li><li  class=' slide-4 ' ><div data-rel='slideshow-3' class='avia-slide-wrap'  ><img src='https:\/\/de4teens.ro\/wp-content\/uploads\/2016\/02\/foto_interior3.jpg' width='650' height='433' title='foto_interior3' alt=''  itemprop=\"thumbnailUrl\"   \/><\/div><\/li><li  class=' slide-5 ' ><div data-rel='slideshow-3' class='avia-slide-wrap'  ><img src='https:\/\/de4teens.ro\/wp-content\/uploads\/2016\/02\/foto_interior2.jpg' width='650' height='433' title='foto_interior2' alt=''  itemprop=\"thumbnailUrl\"   \/><\/div><\/li><li  class=' slide-6 ' ><div data-rel='slideshow-3' class='avia-slide-wrap'  ><img src='https:\/\/de4teens.ro\/wp-content\/uploads\/2016\/02\/foto_interior1.jpg' width='650' height='434' title='foto_interior1' alt=''  itemprop=\"thumbnailUrl\"   \/><\/div><\/li><\/ul><div class='avia-slideshow-arrows avia-slideshow-controls'><a href='#prev' class='prev-slide' aria-hidden='true' data-av_icon='\ue87c' data-av_iconfont='entypo-fontello'>Previous<\/a><a href='#next' class='next-slide' aria-hidden='true' data-av_icon='\ue87d' data-av_iconfont='entypo-fontello'>Next<\/a><\/div><div class='avia-slideshow-dots avia-slideshow-controls'><a href='#1' class='goto-slide active' >1<\/a><a href='#2' class='goto-slide ' >2<\/a><a href='#3' class='goto-slide ' >3<\/a><a href='#4' class='goto-slide ' >4<\/a><a href='#5' class='goto-slide ' >5<\/a><a href='#6' class='goto-slide ' >6<\/a><\/div><\/div>\n<\/div><\/div><div class=\"flex_cell no_margin av_one_half   av-zero-padding \" style='vertical-align:top; padding:0px; '><div class='flex_cell_inner' ><section class=\"avia_codeblock_section avia_code_block_0\"  itemscope=\"itemscope\" itemtype=\"https:\/\/schema.org\/CreativeWork\" ><div class='avia_codeblock '  itemprop=\"text\" > [avia_codeblock_placeholder uid=\"0\"] <\/div><\/section>\n<\/div><\/div>\n<\/div>\n","protected":false},"excerpt":{"rendered":"","protected":false},"author":2,"featured_media":0,"parent":0,"menu_order":0,"comment_status":"closed","ping_status":"closed","template":"","meta":[],"yoast_head":"<!-- This site is optimized with the Yoast SEO plugin v16.2 - https:\/\/yoast.com\/wordpress\/plugins\/seo\/ -->\n<title>DENTAL APPLIANCES - DE 4 TEENS<\/title>\n<meta name=\"robots\" content=\"index, follow, max-snippet:-1, max-image-preview:large, max-video-preview:-1\" \/>\n<link rel=\"canonical\" href=\"https:\/\/de4teens.ro\/en\/dental-appliances\/\" \/>\n<meta property=\"og:locale\" content=\"en_US\" \/>\n<meta property=\"og:type\" content=\"article\" \/>\n<meta property=\"og:title\" content=\"DENTAL APPLIANCES - DE 4 TEENS\" \/>\n<meta property=\"og:url\" content=\"https:\/\/de4teens.ro\/en\/dental-appliances\/\" \/>\n<meta property=\"og:site_name\" content=\"DE 4 TEENS\" \/>\n<meta property=\"article:modified_time\" content=\"2018-02-15T11:32:15+00:00\" \/>\n<meta name=\"twitter:card\" content=\"summary\" \/>\n<meta name=\"twitter:label1\" content=\"Est. reading time\">\n\t<meta name=\"twitter:data1\" content=\"12 minutes\">\n<script type=\"application\/ld+json\" class=\"yoast-schema-graph\">{\"@context\":\"https:\/\/schema.org\",\"@graph\":[{\"@type\":\"WebSite\",\"@id\":\"https:\/\/de4teens.ro\/#website\",\"url\":\"https:\/\/de4teens.ro\/\",\"name\":\"DE 4 TEENS\",\"description\":\"DENT ESTET 4 TEENS\",\"potentialAction\":[{\"@type\":\"SearchAction\",\"target\":\"https:\/\/de4teens.ro\/?s={search_term_string}\",\"query-input\":\"required name=search_term_string\"}],\"inLanguage\":\"en-US\"},{\"@type\":\"WebPage\",\"@id\":\"https:\/\/de4teens.ro\/en\/dental-appliances\/#webpage\",\"url\":\"https:\/\/de4teens.ro\/en\/dental-appliances\/\",\"name\":\"DENTAL APPLIANCES - DE 4 TEENS\",\"isPartOf\":{\"@id\":\"https:\/\/de4teens.ro\/#website\"},\"datePublished\":\"2016-05-11T15:59:18+00:00\",\"dateModified\":\"2018-02-15T11:32:15+00:00\",\"breadcrumb\":{\"@id\":\"https:\/\/de4teens.ro\/en\/dental-appliances\/#breadcrumb\"},\"inLanguage\":\"en-US\",\"potentialAction\":[{\"@type\":\"ReadAction\",\"target\":[\"https:\/\/de4teens.ro\/en\/dental-appliances\/\"]}]},{\"@type\":\"BreadcrumbList\",\"@id\":\"https:\/\/de4teens.ro\/en\/dental-appliances\/#breadcrumb\",\"itemListElement\":[{\"@type\":\"ListItem\",\"position\":1,\"item\":{\"@type\":\"WebPage\",\"@id\":\"https:\/\/de4teens.ro\/en\/home\/\",\"url\":\"https:\/\/de4teens.ro\/en\/home\/\",\"name\":\"Home\"}},{\"@type\":\"ListItem\",\"position\":2,\"item\":{\"@id\":\"https:\/\/de4teens.ro\/en\/dental-appliances\/#webpage\"}}]}]}<\/script>\n<!-- \/ Yoast SEO plugin. -->","_links":{"self":[{"href":"https:\/\/de4teens.ro\/en\/wp-json\/wp\/v2\/pages\/5059"}],"collection":[{"href":"https:\/\/de4teens.ro\/en\/wp-json\/wp\/v2\/pages"}],"about":[{"href":"https:\/\/de4teens.ro\/en\/wp-json\/wp\/v2\/types\/page"}],"author":[{"embeddable":true,"href":"https:\/\/de4teens.ro\/en\/wp-json\/wp\/v2\/users\/2"}],"replies":[{"embeddable":true,"href":"https:\/\/de4teens.ro\/en\/wp-json\/wp\/v2\/comments?post=5059"}],"version-history":[{"count":184,"href":"https:\/\/de4teens.ro\/en\/wp-json\/wp\/v2\/pages\/5059\/revisions"}],"predecessor-version":[{"id":8414,"href":"https:\/\/de4teens.ro\/en\/wp-json\/wp\/v2\/pages\/5059\/revisions\/8414"}],"wp:attachment":[{"href":"https:\/\/de4teens.ro\/en\/wp-json\/wp\/v2\/media?parent=5059"}],"curies":[{"name":"wp","href":"https:\/\/api.w.org\/{rel}","templated":true}]}}