{"id":6261,"date":"2016-08-24T07:38:51","date_gmt":"2016-08-24T07:38:51","guid":{"rendered":"http:\/\/de4teens.ro\/?page_id=6261"},"modified":"2017-02-16T12:26:49","modified_gmt":"2017-02-16T12:26:49","slug":"educational-partners","status":"publish","type":"page","link":"https:\/\/de4teens.ro\/en\/educational-partners\/","title":{"rendered":"EDUCATIONAL PARTNERS"},"content":{"rendered":"<div style='padding-bottom:10px;font-size:35px;' class='av-special-heading av-special-heading-h1  blockquote modern-quote modern-centered   av-inherit-size'><h1 class='av-special-heading-tag'  itemprop=\"headline\"  >Lorem Ipsum es simplemente un texto <\/h1><div class ='av-subheading av-subheading_below ' style='font-size:15px;'><p>Lorem Ipsum ha sido el texto de relleno est\u00e1ndar de las industrias desde el a\u00f1o 1500, cuando un impresor desconocido us\u00f3 una galer\u00eda de textos y los mezcl\u00f3 de tal manera que logr\u00f3 hacer un libro de textos especimen.<\/p>\n<\/div><div class='special-heading-border'><div class='special-heading-inner-border' ><\/div><\/div><\/div>\n<\/div><\/div><\/div><!-- close content main div --><\/div><\/div><div id='av-layout-grid-1' class='av-layout-grid-container entry-content-wrapper main_color av-flex-cells  container_wrap sidebar_right'   >\n<div class=\"flex_cell no_margin av_one_full   \" style='vertical-align:top; padding:30px; background-color:#f2f2f2; '><div class='flex_cell_inner' ><div class='avia-gallery avia-gallery-1 avia_lazyload avia_animate_when_visible '  itemscope=\"itemscope\" itemtype=\"https:\/\/schema.org\/ImageObject\" ><div class='avia-gallery-thumb'> <a href='https:\/\/de4teens.ro\/wp-content\/uploads\/2016\/02\/butterfly_logo.jpg' data-rel='gallery-1' data-prev-img='https:\/\/de4teens.ro\/wp-content\/uploads\/2016\/02\/butterfly_logo.jpg' class='first_thumb aviaopeninbrowser aviablank noLightbox ' data-onclick='1' title=''  itemprop=\"thumbnailUrl\" ><img  src='https:\/\/de4teens.ro\/wp-content\/uploads\/2016\/02\/butterfly_logo.jpg' width='310' height='154'  title='butterfly_logo' alt='' \/><\/a> <a href='https:\/\/de4teens.ro\/wp-content\/uploads\/2016\/02\/avenor_logo.jpg' data-rel='gallery-1' data-prev-img='https:\/\/de4teens.ro\/wp-content\/uploads\/2016\/02\/avenor_logo.jpg' class='aviaopeninbrowser aviablank noLightbox ' data-onclick='2' title=''  itemprop=\"thumbnailUrl\" ><img  src='https:\/\/de4teens.ro\/wp-content\/uploads\/2016\/02\/avenor_logo.jpg' width='310' height='154'  title='avenor_logo' alt='' \/><\/a> <a href='https:\/\/de4teens.ro\/wp-content\/uploads\/2016\/02\/aisb_logo.jpg' data-rel='gallery-1' data-prev-img='https:\/\/de4teens.ro\/wp-content\/uploads\/2016\/02\/aisb_logo.jpg' class='aviaopeninbrowser aviablank noLightbox ' data-onclick='3' title=''  itemprop=\"thumbnailUrl\" ><img  src='https:\/\/de4teens.ro\/wp-content\/uploads\/2016\/02\/aisb_logo.jpg' width='310' height='154'  title='aisb_logo' alt='' \/><\/a> <a href='https:\/\/de4teens.ro\/wp-content\/uploads\/2016\/02\/teddybar_logo.jpg' data-rel='gallery-1' data-prev-img='https:\/\/de4teens.ro\/wp-content\/uploads\/2016\/02\/teddybar_logo.jpg' class='aviaopeninbrowser aviablank noLightbox ' data-onclick='4' title=''  itemprop=\"thumbnailUrl\" ><img  src='https:\/\/de4teens.ro\/wp-content\/uploads\/2016\/02\/teddybar_logo.jpg' width='310' height='154'  title='teddybar_logo' alt='' \/><\/a> <a href='https:\/\/de4teens.ro\/wp-content\/uploads\/2016\/02\/seb_logo.jpg' data-rel='gallery-1' data-prev-img='https:\/\/de4teens.ro\/wp-content\/uploads\/2016\/02\/seb_logo.jpg' class='aviaopeninbrowser aviablank noLightbox ' data-onclick='5' title=''  itemprop=\"thumbnailUrl\" ><img  src='https:\/\/de4teens.ro\/wp-content\/uploads\/2016\/02\/seb_logo.jpg' width='310' height='154'  title='seb_logo' alt='' \/><\/a> <a href='https:\/\/de4teens.ro\/wp-content\/uploads\/2016\/02\/scl_finlandeza_logo.jpg' data-rel='gallery-1' data-prev-img='https:\/\/de4teens.ro\/wp-content\/uploads\/2016\/02\/scl_finlandeza_logo.jpg' class='aviaopeninbrowser aviablank noLightbox ' data-onclick='6' title=''  itemprop=\"thumbnailUrl\" ><img  src='https:\/\/de4teens.ro\/wp-content\/uploads\/2016\/02\/scl_finlandeza_logo.jpg' width='310' height='154'  title='scl_finlandeza_logo' alt='' \/><\/a> <a href='https:\/\/de4teens.ro\/wp-content\/uploads\/2016\/02\/saga_logo.jpg' data-rel='gallery-1' data-prev-img='https:\/\/de4teens.ro\/wp-content\/uploads\/2016\/02\/saga_logo.jpg' class='aviaopeninbrowser aviablank noLightbox ' data-onclick='7' title=''  itemprop=\"thumbnailUrl\" ><img  src='https:\/\/de4teens.ro\/wp-content\/uploads\/2016\/02\/saga_logo.jpg' width='310' height='154'  title='saga_logo' alt='' \/><\/a> <a href='https:\/\/de4teens.ro\/wp-content\/uploads\/2016\/02\/mirunette_logo.jpg' data-rel='gallery-1' data-prev-img='https:\/\/de4teens.ro\/wp-content\/uploads\/2016\/02\/mirunette_logo.jpg' class='first_thumb aviaopeninbrowser aviablank noLightbox ' data-onclick='8' title=''  itemprop=\"thumbnailUrl\" ><img  src='https:\/\/de4teens.ro\/wp-content\/uploads\/2016\/02\/mirunette_logo.jpg' width='310' height='154'  title='mirunette_logo' alt='' \/><\/a> <a href='https:\/\/de4teens.ro\/wp-content\/uploads\/2016\/02\/kings_oak_logo.jpg' data-rel='gallery-1' data-prev-img='https:\/\/de4teens.ro\/wp-content\/uploads\/2016\/02\/kings_oak_logo.jpg' class='aviaopeninbrowser aviablank noLightbox ' data-onclick='9' title=''  itemprop=\"thumbnailUrl\" ><img  src='https:\/\/de4teens.ro\/wp-content\/uploads\/2016\/02\/kings_oak_logo.jpg' width='310' height='154'  title='kings_oak_logo' alt='' \/><\/a> <a href='https:\/\/de4teens.ro\/wp-content\/uploads\/2016\/02\/isb_logo.jpg' data-rel='gallery-1' data-prev-img='https:\/\/de4teens.ro\/wp-content\/uploads\/2016\/02\/isb_logo.jpg' class='aviaopeninbrowser aviablank noLightbox ' data-onclick='10' title=''  itemprop=\"thumbnailUrl\" ><img  src='https:\/\/de4teens.ro\/wp-content\/uploads\/2016\/02\/isb_logo.jpg' width='310' height='154'  title='isb_logo' alt='' \/><\/a> <a href='https:\/\/de4teens.ro\/wp-content\/uploads\/2016\/02\/ioanid_logo.jpg' data-rel='gallery-1' data-prev-img='https:\/\/de4teens.ro\/wp-content\/uploads\/2016\/02\/ioanid_logo.jpg' class='aviaopeninbrowser aviablank noLightbox ' data-onclick='11' title=''  itemprop=\"thumbnailUrl\" ><img  src='https:\/\/de4teens.ro\/wp-content\/uploads\/2016\/02\/ioanid_logo.jpg' width='310' height='154'  title='ioanid_logo' alt='' \/><\/a> <a href='https:\/\/de4teens.ro\/wp-content\/uploads\/2016\/02\/ibsb_logo.jpg' data-rel='gallery-1' data-prev-img='https:\/\/de4teens.ro\/wp-content\/uploads\/2016\/02\/ibsb_logo.jpg' class='aviaopeninbrowser aviablank noLightbox ' data-onclick='12' title=''  itemprop=\"thumbnailUrl\" ><img  src='https:\/\/de4teens.ro\/wp-content\/uploads\/2016\/02\/ibsb_logo.jpg' width='310' height='154'  title='ibsb_logo' alt='' \/><\/a> <a href='https:\/\/de4teens.ro\/wp-content\/uploads\/2016\/02\/genesis_logo.jpg' data-rel='gallery-1' data-prev-img='https:\/\/de4teens.ro\/wp-content\/uploads\/2016\/02\/genesis_logo.jpg' class='aviaopeninbrowser aviablank noLightbox ' data-onclick='13' title=''  itemprop=\"thumbnailUrl\" ><img  src='https:\/\/de4teens.ro\/wp-content\/uploads\/2016\/02\/genesis_logo.jpg' width='310' height='154'  title='genesis_logo' alt='' \/><\/a> <a href='https:\/\/de4teens.ro\/wp-content\/uploads\/2016\/08\/blank_logo.png' data-rel='gallery-1' data-prev-img='https:\/\/de4teens.ro\/wp-content\/uploads\/2016\/08\/blank_logo.png' class='aviaopeninbrowser aviablank noLightbox ' data-onclick='14' title=''  itemprop=\"thumbnailUrl\" ><img  src='https:\/\/de4teens.ro\/wp-content\/uploads\/2016\/08\/blank_logo.png' width='310' height='154'  title='blank_logo' alt='' \/><\/a><\/div><\/div>\n<\/div><\/div><\/div>\n","protected":false},"excerpt":{"rendered":"","protected":false},"author":2,"featured_media":0,"parent":0,"menu_order":0,"comment_status":"closed","ping_status":"closed","template":"","meta":[],"yoast_head":"<!-- This site is optimized with the Yoast SEO plugin v16.2 - https:\/\/yoast.com\/wordpress\/plugins\/seo\/ -->\n<title>EDUCATIONAL PARTNERS - DE 4 TEENS<\/title>\n<meta name=\"robots\" content=\"index, follow, max-snippet:-1, max-image-preview:large, max-video-preview:-1\" \/>\n<link rel=\"canonical\" href=\"https:\/\/de4teens.ro\/en\/educational-partners\/\" \/>\n<meta property=\"og:locale\" content=\"en_US\" \/>\n<meta property=\"og:type\" content=\"article\" \/>\n<meta property=\"og:title\" content=\"EDUCATIONAL PARTNERS - DE 4 TEENS\" \/>\n<meta property=\"og:url\" content=\"https:\/\/de4teens.ro\/en\/educational-partners\/\" \/>\n<meta property=\"og:site_name\" content=\"DE 4 TEENS\" \/>\n<meta property=\"article:modified_time\" content=\"2017-02-16T12:26:49+00:00\" \/>\n<meta name=\"twitter:card\" content=\"summary\" \/>\n<meta name=\"twitter:label1\" content=\"Est. reading time\">\n\t<meta name=\"twitter:data1\" content=\"1 minute\">\n<script type=\"application\/ld+json\" class=\"yoast-schema-graph\">{\"@context\":\"https:\/\/schema.org\",\"@graph\":[{\"@type\":\"WebSite\",\"@id\":\"https:\/\/de4teens.ro\/#website\",\"url\":\"https:\/\/de4teens.ro\/\",\"name\":\"DE 4 TEENS\",\"description\":\"DENT ESTET 4 TEENS\",\"potentialAction\":[{\"@type\":\"SearchAction\",\"target\":\"https:\/\/de4teens.ro\/?s={search_term_string}\",\"query-input\":\"required name=search_term_string\"}],\"inLanguage\":\"en-US\"},{\"@type\":\"WebPage\",\"@id\":\"https:\/\/de4teens.ro\/en\/educational-partners\/#webpage\",\"url\":\"https:\/\/de4teens.ro\/en\/educational-partners\/\",\"name\":\"EDUCATIONAL PARTNERS - DE 4 TEENS\",\"isPartOf\":{\"@id\":\"https:\/\/de4teens.ro\/#website\"},\"datePublished\":\"2016-08-24T07:38:51+00:00\",\"dateModified\":\"2017-02-16T12:26:49+00:00\",\"breadcrumb\":{\"@id\":\"https:\/\/de4teens.ro\/en\/educational-partners\/#breadcrumb\"},\"inLanguage\":\"en-US\",\"potentialAction\":[{\"@type\":\"ReadAction\",\"target\":[\"https:\/\/de4teens.ro\/en\/educational-partners\/\"]}]},{\"@type\":\"BreadcrumbList\",\"@id\":\"https:\/\/de4teens.ro\/en\/educational-partners\/#breadcrumb\",\"itemListElement\":[{\"@type\":\"ListItem\",\"position\":1,\"item\":{\"@type\":\"WebPage\",\"@id\":\"https:\/\/de4teens.ro\/en\/home\/\",\"url\":\"https:\/\/de4teens.ro\/en\/home\/\",\"name\":\"Home\"}},{\"@type\":\"ListItem\",\"position\":2,\"item\":{\"@id\":\"https:\/\/de4teens.ro\/en\/educational-partners\/#webpage\"}}]}]}<\/script>\n<!-- \/ Yoast SEO plugin. -->","_links":{"self":[{"href":"https:\/\/de4teens.ro\/en\/wp-json\/wp\/v2\/pages\/6261"}],"collection":[{"href":"https:\/\/de4teens.ro\/en\/wp-json\/wp\/v2\/pages"}],"about":[{"href":"https:\/\/de4teens.ro\/en\/wp-json\/wp\/v2\/types\/page"}],"author":[{"embeddable":true,"href":"https:\/\/de4teens.ro\/en\/wp-json\/wp\/v2\/users\/2"}],"replies":[{"embeddable":true,"href":"https:\/\/de4teens.ro\/en\/wp-json\/wp\/v2\/comments?post=6261"}],"version-history":[{"count":11,"href":"https:\/\/de4teens.ro\/en\/wp-json\/wp\/v2\/pages\/6261\/revisions"}],"predecessor-version":[{"id":6773,"href":"https:\/\/de4teens.ro\/en\/wp-json\/wp\/v2\/pages\/6261\/revisions\/6773"}],"wp:attachment":[{"href":"https:\/\/de4teens.ro\/en\/wp-json\/wp\/v2\/media?parent=6261"}],"curies":[{"name":"wp","href":"https:\/\/api.w.org\/{rel}","templated":true}]}}