{"id":6541,"date":"2016-10-28T23:05:31","date_gmt":"2016-10-28T23:05:31","guid":{"rendered":"http:\/\/de4teens.ro\/?page_id=6541&#038;lang=en"},"modified":"2016-10-28T23:07:17","modified_gmt":"2016-10-28T23:07:17","slug":"therapy","status":"publish","type":"page","link":"https:\/\/de4teens.ro\/en\/therapy\/","title":{"rendered":"Therapy"},"content":{"rendered":"<\/div><\/div><\/div><!-- close content main div --><\/div><\/div><div id='av-layout-grid-1' class='av-layout-grid-container entry-content-wrapper main_color av-flex-cells av-border-cells container_wrap sidebar_right'   >\n<div class=\"flex_cell no_margin av_three_fourth   \" style='vertical-align:top; padding:30px; '><div class='flex_cell_inner' ><section class=\"av_textblock_section\"  itemscope=\"itemscope\" itemtype=\"https:\/\/schema.org\/CreativeWork\" ><div class='avia_textblock '  style='font-size:30px; '  itemprop=\"text\" ><h1><strong>THERAPY<\/strong><\/h1>\n<\/div><\/section><br \/>\n<div style=' margin-top:0px; margin-bottom:0px;'  class='hr hr-custom hr-center hr-icon-no '><span class='hr-inner   inner-border-av-border-thin' style=' width:1980px;' ><span class='hr-inner-style'><\/span><\/span><\/div><br \/>\n<section class=\"av_textblock_section\"  itemscope=\"itemscope\" itemtype=\"https:\/\/schema.org\/CreativeWork\" ><div class='avia_textblock '   itemprop=\"text\" ><p style=\"text-align: justify;\"><span style=\"color: #000000;\"><strong>Terapia<\/strong>\u00a0se ocup\u0103 cu prevenirea \u0219i tratamentul afec\u021biunilor cavit\u0103\u021bii orale, preocup\u00e2ndu-se \u00eendeaproape cu tratarea cariilor dentare \u0219i a leziunilor non-carioase cauzate de accidente, fracturi, distrofii sau alte ac\u021biuni externe exercitate asupra danturii.<\/span><\/p>\n<p style=\"text-align: justify;\"><span style=\"color: #000000;\">Reprezent\u00e2nd o terapie de restaurare a danturii, aceast\u0103 ramur\u0103 a stomatologiei ajut\u0103 la recondi\u021bionarea z\u00e2mbetului, oferind din\u021bilor aspectul natural \u0219i s\u0103n\u0103tatea.<\/span><\/p>\n<p style=\"text-align: justify;\"><span style=\"color: #000000;\">Cele mai utilizate proceduri \u00een odontologie sunt obtura\u021biile, directe sau indirecte, unidentare \u0219i pluridentare, coroanele sau pun\u021bile dentare.<\/span><\/p>\n<p style=\"text-align: justify;\"><span style=\"color: #000000;\"><b>Obtura\u021biile dentare fizionomice<\/b> (plombe) reprezint\u0103 lucr\u0103ri de reconstruc\u021bie a unui dinte afectat de carii, care redau at\u00e2t func\u021bionalitatea dintelui, c\u00e2t \u0219i aspectul natural al acestuia prin aplicarea unor materiale ce au culoarea asem\u0103n\u0103toare dintelui natural.<\/span><\/p>\n<p style=\"text-align: justify;\"><span style=\"color: #000000;\">Alternativele obtura\u021biilor directe cele mai estetice \u0219i cu o perioad\u0103 lung\u0103 de via\u021b\u0103 sunt obtura\u021biile indirecte (incrusta\u021biile) realizate din compozite sau din por\u021belan \u00een laboratoarele de tehnic\u0103 dentar\u0103 pe baza unui mulaj dentar al pacientului.<\/span><\/p>\n<p style=\"text-align: justify;\"><span style=\"color: #000000;\">De asemenea, medicul dentist poate recomanda unui copil\/adolescent, \u00een baza unui considerent terapeutic \u0219i medical, sigilarea dentar\u0103.<\/span><\/p>\n<p style=\"text-align: justify;\"><span style=\"color: #000000;\"><b>Sigilarea dentar\u0103<\/b> reprezint\u0103 un \u00eenveli\u0219 sub\u021bire din plastic care \u00eembrac\u0103 suprafa\u021ba dintelui pentru a preveni apari\u021bia cariilor. De obicei, sigilarea dentar\u0103 se realizeaz\u0103 pe din\u021bii posteriori, molari \u0219i premolari la copiii cu v\u00e2rsta \u00eentre 6 \u0219i 14 ani. Aceast\u0103 procedur\u0103 este recomandat\u0103 de speciali\u0219ti, \u00eentruc\u00e2t, de\u0219i copiii efectueaz\u0103 periajul dentar corect \u0219i folosesc a\u021ba dentar\u0103 pentru a \u00eenl\u0103tura resturile alimentare, ace\u0219tia nu reu\u0219esc s\u0103 cure\u021be la un nivel optim din\u021bii situa\u021bi anterior. Astfel, sigilarea dentar\u0103 protejeaz\u0103 aceste zone mai vulnerabile de placa bacterian\u0103 \u0219i p\u0103streaz\u0103 din\u021bii s\u0103n\u0103to\u0219i.<\/span><\/p>\n<p style=\"text-align: justify;\"><span style=\"color: #000000;\">De regul\u0103, copiilor le este recomandat\u0103 sigilarea dentar\u0103 pe molarii \u0219i premolarii permanen\u021bi de \u00eendat\u0103 ce ace\u0219tia apar. Astfel, sigilarea va proteja din\u021bii de la \u00eenceput \u0219i va permite dezvoltarea unui z\u00e2mbet frumos de adult.<\/span><\/p>\n<\/div><\/section><\/p>\n<\/div><\/div><div class=\"flex_cell no_margin av_one_fourth   \" style='vertical-align:top; padding:40px 0px 30px 10px ; '><div class='flex_cell_inner' ><p><div class=\"flex_column av_one_full  flex_column_div first  \" style='padding:0px 0px 0px 15px ; border-radius:0px; '><div style='padding-bottom:10px;color:#3d3d3d;font-size:21px;' class='av-special-heading av-special-heading-h2 custom-color-heading blockquote modern-quote   av-thin-font av-inherit-size'><h2 class='av-special-heading-tag'  itemprop=\"headline\"  ><strong>TRATAMENTE DENTARE<\/strong><\/h2><div class='special-heading-border'><div class='special-heading-inner-border' style='border-color:#3d3d3d'><\/div><\/div><\/div><\/div><div class='avia-builder-widget-area clearfix '><div id=\"nav_menu-4\" class=\"widget clearfix widget_nav_menu\"><div class=\"menu-pagini-tratamente-engleza-container\"><ul id=\"menu-pagini-tratamente-engleza\" class=\"menu\"><li id=\"menu-item-3519\" class=\"menu-item menu-item-type-post_type menu-item-object-page menu-item-3519\"><a href=\"https:\/\/de4teens.ro\/en\/dental-treatments\/prophilaxys-and-dental-hygiene\/\">PROPHILAXYS AND DENTAL HYGIENE<\/a><\/li>\n<li id=\"menu-item-3518\" class=\"menu-item menu-item-type-post_type menu-item-object-page menu-item-3518\"><a href=\"https:\/\/de4teens.ro\/en\/dental-treatments\/therapy\/\">THERAPY<\/a><\/li>\n<li id=\"menu-item-3521\" class=\"menu-item menu-item-type-post_type menu-item-object-page menu-item-3521\"><a href=\"https:\/\/de4teens.ro\/en\/dental-treatments\/endodontics\/\">ENDODONTICS<\/a><\/li>\n<li id=\"menu-item-3520\" class=\"menu-item menu-item-type-post_type menu-item-object-page menu-item-3520\"><a href=\"https:\/\/de4teens.ro\/en\/dental-treatments\/dental-surgery\/\">DENTAL SURGERY<\/a><\/li>\n<li id=\"menu-item-6360\" class=\"menu-item menu-item-type-post_type menu-item-object-page menu-item-6360\"><a href=\"https:\/\/de4teens.ro\/en\/dental-treatments\/orthodontics\/\">ORTHODONTICS<\/a><\/li>\n<li id=\"menu-item-7398\" class=\"menu-item menu-item-type-post_type menu-item-object-page menu-item-7398\"><a href=\"https:\/\/de4teens.ro\/en\/dental-treatments\/pediatric-dental-prosthetics\/\">PEDIATRIC DENTAL PROSTHETICS<\/a><\/li>\n<\/ul><\/div><\/div><\/div><\/p>\n<\/div><\/div><\/div>\n","protected":false},"excerpt":{"rendered":"","protected":false},"author":2,"featured_media":0,"parent":0,"menu_order":0,"comment_status":"closed","ping_status":"closed","template":"","meta":[],"yoast_head":"<!-- This site is optimized with the Yoast SEO plugin v16.2 - https:\/\/yoast.com\/wordpress\/plugins\/seo\/ -->\n<title>Therapy - DE 4 TEENS<\/title>\n<meta name=\"robots\" content=\"index, follow, max-snippet:-1, max-image-preview:large, max-video-preview:-1\" \/>\n<link rel=\"canonical\" href=\"https:\/\/de4teens.ro\/en\/therapy\/\" \/>\n<meta property=\"og:locale\" content=\"en_US\" \/>\n<meta property=\"og:type\" content=\"article\" \/>\n<meta property=\"og:title\" content=\"Therapy - DE 4 TEENS\" \/>\n<meta property=\"og:url\" content=\"https:\/\/de4teens.ro\/en\/therapy\/\" \/>\n<meta property=\"og:site_name\" content=\"DE 4 TEENS\" \/>\n<meta property=\"article:modified_time\" content=\"2016-10-28T23:07:17+00:00\" \/>\n<meta name=\"twitter:card\" content=\"summary\" \/>\n<meta name=\"twitter:label1\" content=\"Est. reading time\">\n\t<meta name=\"twitter:data1\" content=\"3 minutes\">\n<script type=\"application\/ld+json\" class=\"yoast-schema-graph\">{\"@context\":\"https:\/\/schema.org\",\"@graph\":[{\"@type\":\"WebSite\",\"@id\":\"https:\/\/de4teens.ro\/#website\",\"url\":\"https:\/\/de4teens.ro\/\",\"name\":\"DE 4 TEENS\",\"description\":\"DENT ESTET 4 TEENS\",\"potentialAction\":[{\"@type\":\"SearchAction\",\"target\":\"https:\/\/de4teens.ro\/?s={search_term_string}\",\"query-input\":\"required name=search_term_string\"}],\"inLanguage\":\"en-US\"},{\"@type\":\"WebPage\",\"@id\":\"https:\/\/de4teens.ro\/en\/therapy\/#webpage\",\"url\":\"https:\/\/de4teens.ro\/en\/therapy\/\",\"name\":\"Therapy - DE 4 TEENS\",\"isPartOf\":{\"@id\":\"https:\/\/de4teens.ro\/#website\"},\"datePublished\":\"2016-10-28T23:05:31+00:00\",\"dateModified\":\"2016-10-28T23:07:17+00:00\",\"breadcrumb\":{\"@id\":\"https:\/\/de4teens.ro\/en\/therapy\/#breadcrumb\"},\"inLanguage\":\"en-US\",\"potentialAction\":[{\"@type\":\"ReadAction\",\"target\":[\"https:\/\/de4teens.ro\/en\/therapy\/\"]}]},{\"@type\":\"BreadcrumbList\",\"@id\":\"https:\/\/de4teens.ro\/en\/therapy\/#breadcrumb\",\"itemListElement\":[{\"@type\":\"ListItem\",\"position\":1,\"item\":{\"@type\":\"WebPage\",\"@id\":\"https:\/\/de4teens.ro\/en\/home\/\",\"url\":\"https:\/\/de4teens.ro\/en\/home\/\",\"name\":\"Home\"}},{\"@type\":\"ListItem\",\"position\":2,\"item\":{\"@id\":\"https:\/\/de4teens.ro\/en\/therapy\/#webpage\"}}]}]}<\/script>\n<!-- \/ Yoast SEO plugin. -->","_links":{"self":[{"href":"https:\/\/de4teens.ro\/en\/wp-json\/wp\/v2\/pages\/6541"}],"collection":[{"href":"https:\/\/de4teens.ro\/en\/wp-json\/wp\/v2\/pages"}],"about":[{"href":"https:\/\/de4teens.ro\/en\/wp-json\/wp\/v2\/types\/page"}],"author":[{"embeddable":true,"href":"https:\/\/de4teens.ro\/en\/wp-json\/wp\/v2\/users\/2"}],"replies":[{"embeddable":true,"href":"https:\/\/de4teens.ro\/en\/wp-json\/wp\/v2\/comments?post=6541"}],"version-history":[{"count":3,"href":"https:\/\/de4teens.ro\/en\/wp-json\/wp\/v2\/pages\/6541\/revisions"}],"predecessor-version":[{"id":6543,"href":"https:\/\/de4teens.ro\/en\/wp-json\/wp\/v2\/pages\/6541\/revisions\/6543"}],"wp:attachment":[{"href":"https:\/\/de4teens.ro\/en\/wp-json\/wp\/v2\/media?parent=6541"}],"curies":[{"name":"wp","href":"https:\/\/api.w.org\/{rel}","templated":true}]}}