{"id":8790,"date":"2020-05-14T10:57:11","date_gmt":"2020-05-14T10:57:11","guid":{"rendered":"http:\/\/de4teens.ro\/?page_id=8790\/"},"modified":"2020-05-14T10:59:24","modified_gmt":"2020-05-14T10:59:24","slug":"important-reguli-de-conduita-pe-durata-vizitei-la-clinica","status":"publish","type":"page","link":"https:\/\/de4teens.ro\/en\/important-reguli-de-conduita-pe-durata-vizitei-la-clinica\/","title":{"rendered":"IMPORTANT: Reguli de conduit\u0103 pe durata vizitei la clinic\u0103"},"content":{"rendered":"<h1>IMPORTANT: Reguli de conduit\u0103 pe durata vizitei la clinic\u0103<\/h1>\n<p>\u2013 Pentru a nu aglomera zona de a\u0219teptare, veni\u021bi cu maxim 10 minute \u00eenainte de programare<\/p>\n<p>\u2013 V\u0103 rug\u0103m s\u0103 nu \u00eent\u00e2rzia\u021bi la programare, pentru a putea respecta exact orarul de tratamente<\/p>\n<p>\u2013 Copilul va veni cu un singur \u00eenso\u021bitor pentru a nu aglomera clinica<\/p>\n<p>\u2013 V\u0103 rug\u0103m s\u0103 desc\u0103rca\u021bi, completa\u021bi \u0219i trimite\u021bi pe email Fi\u0219a Pacientului, Acordul pacientului informat sau s\u0103 veni\u021bi cu ele printate la clinic\u0103<\/p>\n<p>\u2013 V\u0103 rug\u0103m s\u0103 purta\u021bi masc\u0103 de protec\u021bie \u00eenainte de a ajunge la clinic\u0103 \u0219i s\u0103 o p\u0103stra\u021bi p\u00e2n\u0103 la \u00eenceperea tratamentului stomatologic<\/p>\n<p>\u2013 Odat\u0103 intrat \u00een clinic\u0103, ve\u021bi fi invitat s\u0103 v\u0103 sp\u0103la\u021bi m\u00e2inile cu ap\u0103 \u0219i s\u0103pun \/ s\u0103 le igieniza\u021bi cu solu\u021bie antiseptic\u0103<\/p>\n<p>\u2013 La recep\u021bie, vi se va m\u0103sura temperatura cu un termometru digital. Pentru a fi eligibil de tratament, trebuie s\u0103 ave\u021bi sub 37 grade<\/p>\n<p>\u2013 Ve\u021bi completa \u0219i semna declara\u021bia pe proprie r\u0103spundere care v\u0103 \u00eencadreaz\u0103 \u00een gradul de risc de infectare cu COVID-19<\/p>\n<p>\u2013 Pe toat\u0103 perioada \u00een care sunte\u021bi \u00een clinic\u0103, v\u0103 rug\u0103m s\u0103 p\u0103stra\u021bi o distan\u021b\u0103 de 1,5 \u2013 2 m fa\u021b\u0103 de celelalte persoane aflate \u00een sala de a\u0219teptare<\/p>\n<p>\u2013 \u00cen cazul \u00een care capacitatea s\u0103lilor de a\u0219teptare se va dep\u0103\u0219i, ve\u021bi fi invitat s\u0103 a\u0219tepta\u021bi \u00een gr\u0103din\u0103 sau afar\u0103, \u00een ma\u0219ina personal\u0103<\/p>\n<p>M\u0103surile de siguran\u021b\u0103 luate \u00een clinic\u0103 se bazeaz\u0103 pe reglement\u0103rile Colegiului Medicilor Denti\u0219ti din Rom\u00e2nia \u0219i ale Direc\u021biei de S\u0103n\u0103tate Public\u0103. Avem un sistem de triaj selectiv \u0219i complex, al\u0103turi de protocoale stricte de igien\u0103, sterilizare \u0219i protec\u021bie special\u0103 cu echipament omologat interna\u021bional.<\/p>\n<p>Obiectivele DENT ESTET 4 TEENS \u00een aceast\u0103 perioad\u0103:<br \/>\n\u2022 Accesul \u00een siguran\u021b\u0103 al pacien\u021bilor la tratamente stomatologice de \u00eenalt\u0103 calitate<br \/>\n\u2022 Prevenirea \u0219i limitarea riscului de contaminare a pacien\u021bilor \u0219i r\u0103sp\u00e2ndire a virusului COVID-19<br \/>\n\u2022 Protejarea personalului medical \u0219i de suport \u00eempotriva infect\u0103rii COVID-19<br \/>\n\u2022 Evitarea expunerii persoanelor vulnerabile la riscuri suplimentare<\/p>\n<p><a href=\"http:\/\/de4teens.ro\/wp-content\/uploads\/2020\/05\/DENT-ESTET-TEENS-ACORD-PACIENT-LIMBA-ENGLEZA.pdf\" target=\"_blank\" rel=\"noopener noreferrer\">DOWNLOAD\u00a0INFORMED CONSENT OF THE PATIENT\u00a0HERE<\/a><\/p>\n<p><a href=\"http:\/\/de4teens.ro\/wp-content\/uploads\/2020\/05\/DENT-ESTET-TEENS-FISA-PACIENT-LIMBA-ENGLEZA.pdf\" target=\"_blank\" rel=\"noopener noreferrer\">DOWNLOAD\u00a0CLINICAL\u00a0FILE HERE<\/a><\/p>\n<p>&nbsp;<\/p>\n","protected":false},"excerpt":{"rendered":"<p>IMPORTANT: Reguli de conduit\u0103 pe durata vizitei la clinic\u0103 \u2013 Pentru a nu aglomera zona de a\u0219teptare, veni\u021bi cu maxim 10 minute \u00eenainte de programare \u2013 V\u0103 rug\u0103m s\u0103 nu \u00eent\u00e2rzia\u021bi la programare, pentru a putea respecta exact orarul de tratamente \u2013 Copilul va veni cu un singur \u00eenso\u021bitor pentru a nu aglomera clinica \u2013 [&hellip;]<\/p>\n","protected":false},"author":2,"featured_media":0,"parent":0,"menu_order":0,"comment_status":"closed","ping_status":"closed","template":"","meta":[],"yoast_head":"<!-- This site is optimized with the Yoast SEO plugin v16.2 - https:\/\/yoast.com\/wordpress\/plugins\/seo\/ -->\n<title>IMPORTANT: Reguli de conduit\u0103 pe durata vizitei la clinic\u0103 - DE 4 TEENS<\/title>\n<meta name=\"robots\" content=\"index, follow, max-snippet:-1, max-image-preview:large, max-video-preview:-1\" \/>\n<link rel=\"canonical\" href=\"https:\/\/de4teens.ro\/en\/important-reguli-de-conduita-pe-durata-vizitei-la-clinica\/\" \/>\n<meta property=\"og:locale\" content=\"en_US\" \/>\n<meta property=\"og:type\" content=\"article\" \/>\n<meta property=\"og:title\" content=\"IMPORTANT: Reguli de conduit\u0103 pe durata vizitei la clinic\u0103 - DE 4 TEENS\" \/>\n<meta property=\"og:description\" content=\"IMPORTANT: Reguli de conduit\u0103 pe durata vizitei la clinic\u0103 \u2013 Pentru a nu aglomera zona de a\u0219teptare, veni\u021bi cu maxim 10 minute \u00eenainte de programare \u2013 V\u0103 rug\u0103m s\u0103 nu \u00eent\u00e2rzia\u021bi la programare, pentru a putea respecta exact orarul de tratamente \u2013 Copilul va veni cu un singur \u00eenso\u021bitor pentru a nu aglomera clinica \u2013 [&hellip;]\" \/>\n<meta property=\"og:url\" content=\"https:\/\/de4teens.ro\/en\/important-reguli-de-conduita-pe-durata-vizitei-la-clinica\/\" \/>\n<meta property=\"og:site_name\" content=\"DE 4 TEENS\" \/>\n<meta property=\"article:modified_time\" content=\"2020-05-14T10:59:24+00:00\" \/>\n<meta name=\"twitter:card\" content=\"summary\" \/>\n<meta name=\"twitter:label1\" content=\"Est. reading time\">\n\t<meta name=\"twitter:data1\" content=\"2 minutes\">\n<script type=\"application\/ld+json\" class=\"yoast-schema-graph\">{\"@context\":\"https:\/\/schema.org\",\"@graph\":[{\"@type\":\"WebSite\",\"@id\":\"https:\/\/de4teens.ro\/#website\",\"url\":\"https:\/\/de4teens.ro\/\",\"name\":\"DE 4 TEENS\",\"description\":\"DENT ESTET 4 TEENS\",\"potentialAction\":[{\"@type\":\"SearchAction\",\"target\":\"https:\/\/de4teens.ro\/?s={search_term_string}\",\"query-input\":\"required name=search_term_string\"}],\"inLanguage\":\"en-US\"},{\"@type\":\"WebPage\",\"@id\":\"https:\/\/de4teens.ro\/en\/important-reguli-de-conduita-pe-durata-vizitei-la-clinica\/#webpage\",\"url\":\"https:\/\/de4teens.ro\/en\/important-reguli-de-conduita-pe-durata-vizitei-la-clinica\/\",\"name\":\"IMPORTANT: Reguli de conduit\\u0103 pe durata vizitei la clinic\\u0103 - DE 4 TEENS\",\"isPartOf\":{\"@id\":\"https:\/\/de4teens.ro\/#website\"},\"datePublished\":\"2020-05-14T10:57:11+00:00\",\"dateModified\":\"2020-05-14T10:59:24+00:00\",\"breadcrumb\":{\"@id\":\"https:\/\/de4teens.ro\/en\/important-reguli-de-conduita-pe-durata-vizitei-la-clinica\/#breadcrumb\"},\"inLanguage\":\"en-US\",\"potentialAction\":[{\"@type\":\"ReadAction\",\"target\":[\"https:\/\/de4teens.ro\/en\/important-reguli-de-conduita-pe-durata-vizitei-la-clinica\/\"]}]},{\"@type\":\"BreadcrumbList\",\"@id\":\"https:\/\/de4teens.ro\/en\/important-reguli-de-conduita-pe-durata-vizitei-la-clinica\/#breadcrumb\",\"itemListElement\":[{\"@type\":\"ListItem\",\"position\":1,\"item\":{\"@type\":\"WebPage\",\"@id\":\"https:\/\/de4teens.ro\/en\/home\/\",\"url\":\"https:\/\/de4teens.ro\/en\/home\/\",\"name\":\"Home\"}},{\"@type\":\"ListItem\",\"position\":2,\"item\":{\"@id\":\"https:\/\/de4teens.ro\/en\/important-reguli-de-conduita-pe-durata-vizitei-la-clinica\/#webpage\"}}]}]}<\/script>\n<!-- \/ Yoast SEO plugin. -->","_links":{"self":[{"href":"https:\/\/de4teens.ro\/en\/wp-json\/wp\/v2\/pages\/8790"}],"collection":[{"href":"https:\/\/de4teens.ro\/en\/wp-json\/wp\/v2\/pages"}],"about":[{"href":"https:\/\/de4teens.ro\/en\/wp-json\/wp\/v2\/types\/page"}],"author":[{"embeddable":true,"href":"https:\/\/de4teens.ro\/en\/wp-json\/wp\/v2\/users\/2"}],"replies":[{"embeddable":true,"href":"https:\/\/de4teens.ro\/en\/wp-json\/wp\/v2\/comments?post=8790"}],"version-history":[{"count":3,"href":"https:\/\/de4teens.ro\/en\/wp-json\/wp\/v2\/pages\/8790\/revisions"}],"predecessor-version":[{"id":8795,"href":"https:\/\/de4teens.ro\/en\/wp-json\/wp\/v2\/pages\/8790\/revisions\/8795"}],"wp:attachment":[{"href":"https:\/\/de4teens.ro\/en\/wp-json\/wp\/v2\/media?parent=8790"}],"curies":[{"name":"wp","href":"https:\/\/api.w.org\/{rel}","templated":true}]}}